{"id":2280,"date":"2025-08-06T10:18:57","date_gmt":"2025-08-06T08:18:57","guid":{"rendered":"https:\/\/habibis.com\/dubai-dip\/"},"modified":"2025-08-27T17:02:44","modified_gmt":"2025-08-27T15:02:44","slug":"dubai-dip","status":"publish","type":"page","link":"https:\/\/habibis.com\/sv\/dubai-dip\/","title":{"rendered":"Dubai Dip"},"content":{"rendered":"<div class=\"wpb-content-wrapper\"><p>[vc_row full_width_css=&#8221;stretch_row_css&#8221; wrap_container=&#8221;yes&#8221; full_height=&#8221;yes&#8221; conditional_render=&#8221;%5B%7B%22value_role%22%3A%22administrator%22%7D%5D&#8221; css_params=&#8221;&#8221; css=&#8221;.vc_custom_1754465895603{margin-top: -4% !important;background-color: #361d0a !important;background-position: center !important;background-repeat: no-repeat !important;background-size: cover !important;}&#8221;][vc_column][vc_column_text css=&#8221;.vc_custom_1754902879311{padding-top: 5% !important;}&#8221; css_params=&#8221;&#8221;]<\/p>\n<h1 style=\"text-align: center; color: var(--porto-secondary-color);\">Habibi&#8217;s Dubai Dip<\/h1>\n<p>[\/vc_column_text][vc_row_inner animation_delay=&#8221;1000&#8243; animation_type=&#8221;fadeInUp&#8221; css_params=&#8221;&#8221;][vc_column_inner width=&#8221;1\/6&#8243;][\/vc_column_inner][vc_column_inner width=&#8221;1\/3&#8243;][vc_raw_html css=&#8221;.vc_custom_1756306784651{margin-top: -5% !important;}&#8221; css_params=&#8221;&#8221;]JTNDaW1nJTIwY2xhc3MlM0QlMjJzaXplLWZ1bGwlMjB3cC1pbWFnZS0xMjQ3JTIwYWxpZ25ub25lJTIyJTIwcm9sZSUzRCUyMmltZyUyMiUyMHNyYyUzRCUyMmh0dHBzJTNBJTJGJTJGaGFiaWJpcy5jb20lMkZ3cC1jb250ZW50JTJGdXBsb2FkcyUyRjIwMjUlMkYwMSUyRm1hcmtlci1jLWRvd24uc3ZnJTIyJTIwYWx0JTNEJTIyJTIyJTIwd2lkdGglM0QlMjIyMiUyMiUyMGhlaWdodCUzRCUyMjU4JTIyJTIwc3R5bGUlM0QlMjJwYWRkaW5nLXRvcCUzQTI1cHglM0IlMjIlMkYlM0UlMEElM0NzcGFuJTIwY2xhc3MlM0QlMjJwcm9kdWN0ZGV0YWlsdHlwbyUyMiUzRUYlQzMlQjZyJTIwc2lubmVuYSUzQyUyRnNwYW4lM0UlMEElM0NwJTIwY2xhc3MlM0QlMjJ0eHR3aGl0ZSUyMiUzRURlbiUyMGd5bGxlbmUlMjBrcmlzcGlnaGV0ZW4lMjBmciVDMyVBNW4lMjBiciVDMyVCNmRwaW5uYXIlMjBtJUMzJUI2dGVyJTIwZGVuJTIwbGVuYSUyQyUyMG4lQzMlQjZ0aWdhJTIwcGlzdGFzY2hrciVDMyVBNG1lbiUyMCVFMiU4MCU5MyUyMGVuJTIwdGlsbGZyZWRzc3QlQzMlQTRsbGFuZGUlMjBrb250cmFzdCUyMHNvbSUyMHYlQzMlQTRja2VyJTIwZGluYSUyMHNpbm5lbi4lM0MlMkZwJTNF[\/vc_raw_html][\/vc_column_inner][vc_column_inner width=&#8221;1\/3&#8243;][vc_raw_html css=&#8221;.vc_custom_1756306837374{margin-top: -5% !important;}&#8221; css_params=&#8221;&#8221;]JTNDaW1nJTIwY2xhc3MlM0QlMjJzaXplLWZ1bGwlMjB3cC1pbWFnZS0xMjQ3JTIwYWxpZ25ub25lJTIyJTIwcm9sZSUzRCUyMmltZyUyMiUyMHNyYyUzRCUyMmh0dHBzJTNBJTJGJTJGaGFiaWJpcy5jb20lMkZ3cC1jb250ZW50JTJGdXBsb2FkcyUyRjIwMjUlMkYwMSUyRm1hcmtlci1jLWRvd24uc3ZnJTIyJTIwYWx0JTNEJTIyJTIyJTIwd2lkdGglM0QlMjIyMiUyMiUyMGhlaWdodCUzRCUyMjU4JTIyJTIwc3R5bGUlM0QlMjJwYWRkaW5nLXRvcCUzQTI1cHglM0IlMjIlMkYlM0UlMEElM0NzcGFuJTIwY2xhc3MlM0QlMjJwcm9kdWN0ZGV0YWlsdHlwbyUyMiUzRUV4a2x1c2l2JTIwc21ha3NhbW1hbnMlQzMlQTR0dG5pbmclM0MlMkZzcGFuJTNFJTBBJTNDcCUyMGNsYXNzJTNEJTIydHh0d2hpdGUlMjIlMjBzdHlsZSUzRCUyMnBhZGRpbmctbGVmdCUzQTI1cHglM0IlMjIlM0VLbmFwcmlnYSUyMGJha2FkZSUyMGJyJUMzJUI2ZHBpbm5hciUyMGlob3AlMjBtZWQlMjBIYWJpYmklRTIlODAlOTlzJTIwcmlrYSUyQyUyMHNhbW1ldHNsZW5hJTIwcGlzdGFzY2hrciVDMyVBNG0lMjAlRTIlODAlOTMlMjBkZW4lMjBwZXJmZWt0YSUyMGJhbGFuc2VuJTIwbWVsbGFuJTIwdGV4dHVyJTIwb2NoJTIwc21hay4lM0MlMkZwJTNF[\/vc_raw_html][\/vc_column_inner][vc_column_inner width=&#8221;1\/6&#8243;][\/vc_column_inner][\/vc_row_inner][vc_row_inner][vc_column_inner width=&#8221;1\/6&#8243;][\/vc_column_inner][vc_column_inner width=&#8221;2\/3&#8243;][vc_single_image image=&#8221;2007&#8243; img_size=&#8221;full&#8221; alignment=&#8221;center&#8221; css=&#8221;&#8221; animation_delay=&#8221;1000&#8243; css_params=&#8221;&#8221; animation_type=&#8221;bounceInUp&#8221;][\/vc_column_inner][vc_column_inner width=&#8221;1\/6&#8243;][\/vc_column_inner][\/vc_row_inner][vc_row_inner animation_delay=&#8221;200&#8243; animation_type=&#8221;fadeInUp&#8221; css_params=&#8221;&#8221;][vc_column_inner width=&#8221;1\/6&#8243;][\/vc_column_inner][vc_column_inner width=&#8221;1\/3&#8243;][vc_raw_html css=&#8221;.vc_custom_1756306853993{margin-top: -5% !important;}&#8221; css_params=&#8221;&#8221;]JTNDaW1nJTIwY2xhc3MlM0QlMjJzaXplLWZ1bGwlMjB3cC1pbWFnZS0xMjQ3JTIwYWxpZ25ub25lJTIyJTIwcm9sZSUzRCUyMmltZyUyMiUyMHNyYyUzRCUyMmh0dHBzJTNBJTJGJTJGaGFiaWJpcy5jb20lMkZ3cC1jb250ZW50JTJGdXBsb2FkcyUyRjIwMjUlMkYwMSUyRm1hcmtlci1jLXVwLnN2ZyUyMiUyMGFsdCUzRCUyMiUyMiUyMHdpZHRoJTNEJTIyMjIlMjIlMjBoZWlnaHQlM0QlMjI1OCUyMiUyMCUyRiUzRSUwQSUzQ3NwYW4lMjBjbGFzcyUzRCUyMnByb2R1Y3RkZXRhaWx0eXBvJTIyJTNFVGlsbHZlcmthZCUyMGklMjBEdWJhaSUzQyUyRnNwYW4lM0UlMEElM0NwJTIwY2xhc3MlM0QlMjJ0eHR3aGl0ZSUyMiUzRU5vZ2dyYW50JTIwZnJhbXRhZ2VuJTIwaSUyMER1YmFpJTIwJUUyJTgwJTkzJTIwZCVDMyVBNHIlMjBrdWxpbmFyaXNrJTIwdHJhZGl0aW9uJTIwbSVDMyVCNnRlciUyMG1vZGVybiUyMHNuYWNra3VsdHVyLiUzQyUyRnAlM0U=[\/vc_raw_html][\/vc_column_inner][vc_column_inner width=&#8221;1\/3&#8243;][vc_raw_html css=&#8221;.vc_custom_1756306867803{margin-top: -5% !important;}&#8221; css_params=&#8221;&#8221;]JTNDaW1nJTIwY2xhc3MlM0QlMjJzaXplLWZ1bGwlMjB3cC1pbWFnZS0xMjQ3JTIwYWxpZ25ub25lJTIyJTIwcm9sZSUzRCUyMmltZyUyMiUyMHNyYyUzRCUyMmh0dHBzJTNBJTJGJTJGaGFiaWJpcy5jb20lMkZ3cC1jb250ZW50JTJGdXBsb2FkcyUyRjIwMjUlMkYwMSUyRm1hcmtlci1jLXVwLnN2ZyUyMiUyMGFsdCUzRCUyMiUyMiUyMHdpZHRoJTNEJTIyMjIlMjIlMjBoZWlnaHQlM0QlMjI1OCUyMiUyMCUyRiUzRSUwQSUzQ3NwYW4lMjBjbGFzcyUzRCUyMnByb2R1Y3RkZXRhaWx0eXBvJTIyJTNFUGlzdGFzY2huanV0bmluZyUzQyUyRnNwYW4lM0UlMEElM0NwJTIwY2xhc3MlM0QlMjJ0eHR3aGl0ZSUyMiUyMHN0eWxlJTNEJTIycGFkZGluZy1sZWZ0JTNBMjVweCUzQiUyMiUzRUVuJTIwbW9kZXJuJTIwdHdpc3QlMjBwJUMzJUE1JTIwc25hY2tpbmclMjAlRTIlODAlOTMlMjBrciVDMyVBNG1pZyUyQyUyMGtyaXNwaWclMjBvY2glMjBvZW1vdHN0JUMzJUE1bmRsaWd0JTIwcm9saWcuJTBBJTNDJTJGcCUzRQ==[\/vc_raw_html][\/vc_column_inner][vc_column_inner width=&#8221;1\/6&#8243;][\/vc_column_inner][\/vc_row_inner][\/vc_column][\/vc_row][vc_row css=&#8221;.vc_custom_1737015246283{padding-top: 5% !important;padding-right: 3% !important;padding-bottom: 5% !important;padding-left: 3% !important;}&#8221; conditional_render=&#8221;%5B%7B%22value_role%22%3A%22administrator%22%7D%5D&#8221; css_params=&#8221;&#8221;][vc_column][vc_row_inner][vc_column_inner width=&#8221;1\/2&#8243;][vc_single_image image=&#8221;1931&#8243; img_size=&#8221;full&#8221; alignment=&#8221;right&#8221; css=&#8221;&#8221; css_params=&#8221;&#8221;][vc_column_text css=&#8221;.vc_custom_1754468031229{margin-top: -5% !important;}&#8221; css_params=&#8221;&#8221; el_class=&#8221;hidden&#8221;]<img loading=\"lazy\" decoding=\"async\" class=\"alignnone wp-image-1266 size-full\" role=\"img\" src=\"https:\/\/habibis.com\/wp-content\/uploads\/2025\/01\/habibis-icon_vegetarian-EN.svg\" alt=\"\" width=\"75\" height=\"75\" \/> \u00a0<img loading=\"lazy\" decoding=\"async\" class=\"alignnone size-full wp-image-1267\" role=\"img\" src=\"https:\/\/habibis.com\/wp-content\/uploads\/2025\/01\/habibis-icon_halal.svg\" alt=\"\" width=\"75\" height=\"75\" \/>[\/vc_column_text][\/vc_column_inner][vc_column_inner width=&#8221;1\/2&#8243;][vc_column_text css=&#8221;&#8221; css_params=&#8221;&#8221;]<\/p>\n<h2 class=\"p1\">V\u00e5r Dubai Dip<\/h2>\n<p>[\/vc_column_text][vc_column_text css=&#8221;&#8221; css_params=&#8221;&#8221;]<\/p>\n<p data-start=\"2816\" data-end=\"3042\">Habibi\u2019s Dubai Dip \u00e4r mer \u00e4n bara ett snacks \u2013 det \u00e4r en liten smakresa. F\u00f6r dig som \u00e4lskar b\u00e5de crunch och kr\u00e4m, inneh\u00e5ller detta smidiga on-the-go paket knapriga br\u00f6dpinnar och ett separat fack med v\u00e5r lyxiga pistaschkr\u00e4m.<\/p>\n<p data-start=\"3044\" data-end=\"3214\">Oavsett om du \u00e4r p\u00e5 jobbet, reser eller njuter av en stund f\u00f6r dig sj\u00e4lv \u2013 Dubai Dip levererar njutning i varje tugga. <strong data-start=\"3163\" data-end=\"3212\">B\u00e4rbar, lekfull och gjord med k\u00e4rlek i Dubai.<\/strong><\/p>\n<p>[\/vc_column_text][\/vc_column_inner][\/vc_row_inner][\/vc_column][\/vc_row][vc_row full_width_css=&#8221;stretch_row_css&#8221; wrap_container=&#8221;yes&#8221; content_placement=&#8221;middle&#8221; css=&#8221;.vc_custom_1754466595462{margin-top: -3% !important;padding-top: 3% !important;padding-right: 3% !important;padding-bottom: 3% !important;padding-left: 3% !important;background-color: #361d0a !important;}&#8221; el_id=&#8221;faq&#8221; conditional_render=&#8221;%5B%7B%22value_role%22%3A%22administrator%22%7D%5D&#8221; css_params=&#8221;&#8221;][vc_column offset=&#8221;vc_col-lg-8 vc_col-md-8&#8243;][vc_column_text css=&#8221;&#8221; css_params=&#8221;&#8221;]<\/p>\n<h3 style=\"color: var(--porto-secondary-color);\">Vanliga fr\u00e5gor om Habibi\u2019s Dubai Dip<\/h3>\n<p class=\"txtwhite\">Allt du alltid velat veta om detta oemotst\u00e5ndliga snacks:<\/p>\n<p>[\/vc_column_text][\/vc_column][vc_column animation_delay=&#8221;1600&#8243; offset=&#8221;vc_col-lg-7 vc_col-md-7&#8243; el_class=&#8221;pe-lg-5 mb-5 mb-lg-4&#8243; conditional_render=&#8221;%5B%7B%22value_role%22%3A%22administrator%22%7D%5D&#8221; css_params=&#8221;&#8221;][vc_accordion active_tab=&#8221;1&#8243; collapsible=&#8221;yes&#8221; type=&#8221;custom&#8221; size=&#8221;panel-group-lg&#8221; skin=&#8221;primary&#8221; use_accordion=&#8221;true&#8221; el_class=&#8221;faq-list&#8221;][vc_accordion_tab title=&#8221;1 \u2013 Vad \u00e4r Habibi\u2019s Dubai Dip?&#8221;][vc_custom_heading text=&#8221;Ett praktiskt snackspaket med krispiga br\u00f6dpinnar och kr\u00e4mig pistaschkr\u00e4m \u2013 perfekt f\u00f6r dip p\u00e5 spr\u00e5ng.&#8221; font_container=&#8221;tag:p|text_align:left|color:%23777777|line_height:26px&#8221; use_theme_fonts=&#8221;yes&#8221; el_class=&#8221;mb-0&#8243; css_params=&#8221;&#8221;][\/vc_accordion_tab][vc_accordion_tab title=&#8221;2 \u2013 \u00c4r pistaschkr\u00e4men gjord i Dubai?&#8221;][vc_custom_heading text=&#8221;Ja, den framst\u00e4lls i Dubai med premiumingredienser.&#8221; font_container=&#8221;tag:p|text_align:left|color:%23777777|line_height:26px&#8221; use_theme_fonts=&#8221;yes&#8221; el_class=&#8221;mb-0&#8243; css_params=&#8221;&#8221;][\/vc_accordion_tab][vc_accordion_tab title=&#8221;3 \u2013 \u00c4r den l\u00e4mplig f\u00f6r vegetarianer?&#8221;][vc_custom_heading text=&#8221;Absolut! Dubai Dip \u00e4r 100 % vegetariskt.&#8221; font_container=&#8221;tag:p|text_align:left|color:%23777777|line_height:26px&#8221; use_theme_fonts=&#8221;yes&#8221; el_class=&#8221;mb-0&#8243; css_params=&#8221;&#8221;][\/vc_accordion_tab][vc_accordion_tab title=&#8221;4 \u2013 Var kan jag k\u00f6pa den?&#8221;][vc_custom_heading text=&#8221;Online och hos utvalda \u00e5terf\u00f6rs\u00e4ljare.&#8221; font_container=&#8221;tag:p|text_align:left|color:%23777777|line_height:26px&#8221; use_theme_fonts=&#8221;yes&#8221; el_class=&#8221;mb-0&#8243; css_params=&#8221;&#8221;][\/vc_accordion_tab][\/vc_accordion][\/vc_column][vc_column width=&#8221;3\/4&#8243; animation_delay=&#8221;1500&#8243; offset=&#8221;vc_col-lg-5 vc_col-md-5 vc_col-xs-9&#8243; el_class=&#8221;floating-images ps-sm-5 mb-lg-4 mx-auto&#8221; animation_type=&#8221;fadeInRight&#8221;][vc_single_image image=&#8221;2007&#8243; img_size=&#8221;full&#8221; css=&#8221;&#8221; animation_delay=&#8221;500&#8243; floating_start_pos=&#8221;top&#8221; floating_speed=&#8221;9.8&#8243; el_class=&#8221;custom-box-shadow-1 mb-0&#8243; css_params=&#8221;&#8221;][\/vc_column][\/vc_row][vc_row disable_element=&#8221;yes&#8221; css=&#8221;.vc_custom_1754468066480{padding-top: 3% !important;padding-right: 3% !important;padding-bottom: 3% !important;padding-left: 3% !important;}&#8221; conditional_render=&#8221;%5B%7B%22value_role%22%3A%22administrator%22%7D%5D&#8221; css_params=&#8221;&#8221;][vc_column][vc_column_text css=&#8221;&#8221; css_params=&#8221;&#8221;]<\/p>\n<h2 style=\"text-align: center;\">Discover the flavors of our Dubai Chocolate Dates<\/h2>\n<p>[\/vc_column_text]<div id=\"porto-carousel-28439673969e1ea22a214a\" class=\"porto-carousel-wrapper\" data-gutter=\"15\" data-rtl=\"false\" ><div class=\"porto-ultimate-carousel porto-carousel-176521224469e1ea22a2105 \" >[vc_row_inner][vc_column_inner][vc_single_image image=&#8221;1922&#8243; img_size=&#8221;full&#8221; css=&#8221;&#8221; css_params=&#8221;&#8221;][vc_column_text css=&#8221;.vc_custom_1754466898984{padding-bottom: 3% !important;}&#8221; css_params=&#8221;&#8221;]<\/p>\n<p style=\"text-align: center;\"><strong><span class=\"productheadlineexplore\">Dark Chocolate<\/span><\/strong><\/p>\n<p>[\/vc_column_text][\/vc_column_inner][\/vc_row_inner][vc_row_inner][vc_column_inner][vc_single_image image=&#8221;1928&#8243; img_size=&#8221;full&#8221; css=&#8221;&#8221; css_params=&#8221;&#8221;][vc_column_text css=&#8221;.vc_custom_1754466903801{padding-bottom: 3% !important;}&#8221; css_params=&#8221;&#8221;]<\/p>\n<p style=\"text-align: center;\"><strong><span class=\"productheadlineexplore\">White Chocolate<\/span><\/strong><\/p>\n<p>[\/vc_column_text][\/vc_column_inner][\/vc_row_inner]<\/div><\/div><script type=\"text\/javascript\" id=\"ultimate-carousel\">\r\n\t(function(){\r\n\t\tvar porto_inc_slick_js = function() {\r\n\t\t\t( function( $ ) {\r\n\t\t\t\tif ( $.fn.slick ) {\r\n\t\t\t\t\t$('.porto-carousel-176521224469e1ea22a2105').slick({dots: true,autoplay: true,autoplaySpeed: 5000,speed: 300,infinite: true,arrows: true,nextArrow: '<button type=\"button\" role=\"button\" aria-label=\"Next\" style=\"color:#333333; font-size:20px;\" class=\"slick-next default\"><i class=\"fas fa-chevron-right\"><\/i><\/button>',prevArrow: '<button type=\"button\" role=\"button\" aria-label=\"Previous\" style=\"color:#333333; font-size:20px;\" class=\"slick-prev default\"><i class=\"fas fa-chevron-left\"><\/i><\/button>',slidesToScroll:2,slidesToShow:2,swipe: true,draggable: true,touchMove: true,pauseOnHover: true,responsive: [\r\n\t\t\t\t{\r\n\t\t\t\t  breakpoint: 1025,\r\n\t\t\t\t  settings: {\r\n\t\t\t\t\tslidesToShow: 2,\r\n\t\t\t\t\tslidesToScroll: 2,  \r\n\t\t\t\t  }\r\n\t\t\t\t},\r\n\t\t\t\t{\r\n\t\t\t\t  breakpoint: 769,\r\n\t\t\t\t  settings: {\r\n\t\t\t\t\tslidesToShow: 2,\r\n\t\t\t\t\tslidesToScroll: 2\r\n\t\t\t\t  }\r\n\t\t\t\t},\r\n\t\t\t\t{\r\n\t\t\t\t  breakpoint: 481,\r\n\t\t\t\t  settings: {\r\n\t\t\t\t\tslidesToShow: 1,\r\n\t\t\t\t\tslidesToScroll: 1\r\n\t\t\t\t  }\r\n\t\t\t\t}\r\n\t\t\t],pauseOnDotsHover: true,customPaging: function(slider, i) {\r\n\t   return '<i type=\"button\" style=\"color:#333333;\" class=\"far fa-circle\" data-role=\"none\"><\/i>';\r\n\t},});\r\n\t\t\t\t} else {\r\n\t\t\t\t\t\t\t\t}\r\n\t\t\t} )( jQuery );\r\n\t\t};\r\n\r\n\t\tif ( window.theme && theme.isLoaded ) {\r\n\t\t\tporto_inc_slick_js();\r\n\t\t} else {\r\n\t\t\twindow.addEventListener( 'load', porto_inc_slick_js );\r\n\t\t}\r\n\t})();\r\n<\/script>\r\n[\/vc_column][\/vc_row]<\/p>\n<\/div>","protected":false},"excerpt":{"rendered":"<p>[vc_row full_width_css=&#8221;stretch_row_css&#8221; wrap_container=&#8221;yes&#8221; full_height=&#8221;yes&#8221; conditional_render=&#8221;%5B%7B%22value_role%22%3A%22administrator%22%7D%5D&#8221; css_params=&#8221;&#8221; css=&#8221;.vc_custom_1754465895603{margin-top: -4% !important;background-color: #361d0a !important;background-position: center !important;background-repeat: no-repeat !important;background-size: cover !important;}&#8221;][vc_column][vc_column_text css=&#8221;.vc_custom_1754902879311{padding-top: 5% !important;}&#8221; css_params=&#8221;&#8221;] Habibi&#8217;s Dubai Dip [\/vc_column_text][vc_row_inner animation_delay=&#8221;1000&#8243; animation_type=&#8221;fadeInUp&#8221; css_params=&#8221;&#8221;][vc_column_inner width=&#8221;1\/6&#8243;][\/vc_column_inner][vc_column_inner width=&#8221;1\/3&#8243;][vc_raw_html css=&#8221;.vc_custom_1756306784651{margin-top: -5% !important;}&#8221; css_params=&#8221;&#8221;]JTNDaW1nJTIwY2xhc3MlM0QlMjJzaXplLWZ1bGwlMjB3cC1pbWFnZS0xMjQ3JTIwYWxpZ25ub25lJTIyJTIwcm9sZSUzRCUyMmltZyUyMiUyMHNyYyUzRCUyMmh0dHBzJTNBJTJGJTJGaGFiaWJpcy5jb20lMkZ3cC1jb250ZW50JTJGdXBsb2FkcyUyRjIwMjUlMkYwMSUyRm1hcmtlci1jLWRvd24uc3ZnJTIyJTIwYWx0JTNEJTIyJTIyJTIwd2lkdGglM0QlMjIyMiUyMiUyMGhlaWdodCUzRCUyMjU4JTIyJTIwc3R5bGUlM0QlMjJwYWRkaW5nLXRvcCUzQTI1cHglM0IlMjIlMkYlM0UlMEElM0NzcGFuJTIwY2xhc3MlM0QlMjJwcm9kdWN0ZGV0YWlsdHlwbyUyMiUzRUYlQzMlQjZyJTIwc2lubmVuYSUzQyUyRnNwYW4lM0UlMEElM0NwJTIwY2xhc3MlM0QlMjJ0eHR3aGl0ZSUyMiUzRURlbiUyMGd5bGxlbmUlMjBrcmlzcGlnaGV0ZW4lMjBmciVDMyVBNW4lMjBiciVDMyVCNmRwaW5uYXIlMjBtJUMzJUI2dGVyJTIwZGVuJTIwbGVuYSUyQyUyMG4lQzMlQjZ0aWdhJTIwcGlzdGFzY2hrciVDMyVBNG1lbiUyMCVFMiU4MCU5MyUyMGVuJTIwdGlsbGZyZWRzc3QlQzMlQTRsbGFuZGUlMjBrb250cmFzdCUyMHNvbSUyMHYlQzMlQTRja2VyJTIwZGluYSUyMHNpbm5lbi4lM0MlMkZwJTNF[\/vc_raw_html][\/vc_column_inner][vc_column_inner width=&#8221;1\/3&#8243;][vc_raw_html css=&#8221;.vc_custom_1756306837374{margin-top: -5% !important;}&#8221; css_params=&#8221;&#8221;]JTNDaW1nJTIwY2xhc3MlM0QlMjJzaXplLWZ1bGwlMjB3cC1pbWFnZS0xMjQ3JTIwYWxpZ25ub25lJTIyJTIwcm9sZSUzRCUyMmltZyUyMiUyMHNyYyUzRCUyMmh0dHBzJTNBJTJGJTJGaGFiaWJpcy5jb20lMkZ3cC1jb250ZW50JTJGdXBsb2FkcyUyRjIwMjUlMkYwMSUyRm1hcmtlci1jLWRvd24uc3ZnJTIyJTIwYWx0JTNEJTIyJTIyJTIwd2lkdGglM0QlMjIyMiUyMiUyMGhlaWdodCUzRCUyMjU4JTIyJTIwc3R5bGUlM0QlMjJwYWRkaW5nLXRvcCUzQTI1cHglM0IlMjIlMkYlM0UlMEElM0NzcGFuJTIwY2xhc3MlM0QlMjJwcm9kdWN0ZGV0YWlsdHlwbyUyMiUzRUV4a2x1c2l2JTIwc21ha3NhbW1hbnMlQzMlQTR0dG5pbmclM0MlMkZzcGFuJTNFJTBBJTNDcCUyMGNsYXNzJTNEJTIydHh0d2hpdGUlMjIlMjBzdHlsZSUzRCUyMnBhZGRpbmctbGVmdCUzQTI1cHglM0IlMjIlM0VLbmFwcmlnYSUyMGJha2FkZSUyMGJyJUMzJUI2ZHBpbm5hciUyMGlob3AlMjBtZWQlMjBIYWJpYmklRTIlODAlOTlzJTIwcmlrYSUyQyUyMHNhbW1ldHNsZW5hJTIwcGlzdGFzY2hrciVDMyVBNG0lMjAlRTIlODAlOTMlMjBkZW4lMjBwZXJmZWt0YSUyMGJhbGFuc2VuJTIwbWVsbGFuJTIwdGV4dHVyJTIwb2NoJTIwc21hay4lM0MlMkZwJTNF[\/vc_raw_html][\/vc_column_inner][vc_column_inner width=&#8221;1\/6&#8243;][\/vc_column_inner][\/vc_row_inner][vc_row_inner][vc_column_inner width=&#8221;1\/6&#8243;][\/vc_column_inner][vc_column_inner width=&#8221;2\/3&#8243;][vc_single_image image=&#8221;2007&#8243; img_size=&#8221;full&#8221; alignment=&#8221;center&#8221; css=&#8221;&#8221; animation_delay=&#8221;1000&#8243; css_params=&#8221;&#8221; animation_type=&#8221;bounceInUp&#8221;][\/vc_column_inner][vc_column_inner width=&#8221;1\/6&#8243;][\/vc_column_inner][\/vc_row_inner][vc_row_inner animation_delay=&#8221;200&#8243; animation_type=&#8221;fadeInUp&#8221; css_params=&#8221;&#8221;][vc_column_inner width=&#8221;1\/6&#8243;][\/vc_column_inner][vc_column_inner width=&#8221;1\/3&#8243;][vc_raw_html [&hellip;]<\/p>\n","protected":false},"author":2,"featured_media":0,"parent":0,"menu_order":0,"comment_status":"closed","ping_status":"closed","template":"","meta":{"footnotes":""},"class_list":["post-2280","page","type-page","status-publish","hentry"],"yoast_head":"<!-- This site is optimized with the Yoast SEO plugin v27.1 - https:\/\/yoast.com\/product\/yoast-seo-wordpress\/ -->\n<title>Dubai Dip \u2013 Pistaschkr\u00e4m &amp; br\u00f6dpinnesnack | Habibi&#039;s<\/title>\n<meta name=\"description\" content=\"Njut av Habibi\u2019s Dubai Dip \u2013 det perfekta snacks-paketet med krispiga br\u00f6dpinnar och rik pistaschkr\u00e4m. Gjord f\u00f6r njutning n\u00e4r som helst, var som helst.\" \/>\n<meta name=\"robots\" content=\"index, follow, max-snippet:-1, max-image-preview:large, max-video-preview:-1\" \/>\n<link rel=\"canonical\" href=\"https:\/\/habibis.com\/sv\/dubai-dip\/\" \/>\n<meta property=\"og:locale\" content=\"sv_SE\" \/>\n<meta property=\"og:type\" content=\"article\" \/>\n<meta property=\"og:title\" content=\"Dubai Dip \u2013 Pistaschkr\u00e4m &amp; br\u00f6dpinnesnack | Habibi&#039;s\" \/>\n<meta property=\"og:description\" content=\"Njut av Habibi\u2019s Dubai Dip \u2013 det perfekta snacks-paketet med krispiga br\u00f6dpinnar och rik pistaschkr\u00e4m. Gjord f\u00f6r njutning n\u00e4r som helst, var som helst.\" \/>\n<meta property=\"og:url\" content=\"https:\/\/habibis.com\/sv\/dubai-dip\/\" \/>\n<meta property=\"og:site_name\" content=\"Habibi&#039;s Sweets\" \/>\n<meta property=\"article:modified_time\" content=\"2025-08-27T15:02:44+00:00\" \/>\n<meta property=\"og:image\" content=\"https:\/\/habibis.com\/wp-content\/uploads\/2025\/01\/habibis-icon_vegetarian-EN.svg\" \/>\n<meta name=\"twitter:card\" content=\"summary_large_image\" \/>\n<meta name=\"twitter:label1\" content=\"Ber\u00e4knad l\u00e4stid\" \/>\n\t<meta name=\"twitter:data1\" content=\"4 minuter\" \/>\n<script type=\"application\/ld+json\" class=\"yoast-schema-graph\">{\"@context\":\"https:\/\/schema.org\",\"@graph\":[{\"@type\":\"WebPage\",\"@id\":\"https:\/\/habibis.com\/sv\/dubai-dip\/\",\"url\":\"https:\/\/habibis.com\/sv\/dubai-dip\/\",\"name\":\"Dubai Dip \u2013 Pistaschkr\u00e4m & br\u00f6dpinnesnack | Habibi's\",\"isPartOf\":{\"@id\":\"https:\/\/habibis.com\/sv\/#website\"},\"primaryImageOfPage\":{\"@id\":\"https:\/\/habibis.com\/sv\/dubai-dip\/#primaryimage\"},\"image\":{\"@id\":\"https:\/\/habibis.com\/sv\/dubai-dip\/#primaryimage\"},\"thumbnailUrl\":\"https:\/\/habibis.com\/wp-content\/uploads\/2025\/01\/habibis-icon_vegetarian-EN.svg\",\"datePublished\":\"2025-08-06T08:18:57+00:00\",\"dateModified\":\"2025-08-27T15:02:44+00:00\",\"description\":\"Njut av Habibi\u2019s Dubai Dip \u2013 det perfekta snacks-paketet med krispiga br\u00f6dpinnar och rik pistaschkr\u00e4m. Gjord f\u00f6r njutning n\u00e4r som helst, var som helst.\",\"breadcrumb\":{\"@id\":\"https:\/\/habibis.com\/sv\/dubai-dip\/#breadcrumb\"},\"inLanguage\":\"sv-SE\",\"potentialAction\":[{\"@type\":\"ReadAction\",\"target\":[\"https:\/\/habibis.com\/sv\/dubai-dip\/\"]}]},{\"@type\":\"ImageObject\",\"inLanguage\":\"sv-SE\",\"@id\":\"https:\/\/habibis.com\/sv\/dubai-dip\/#primaryimage\",\"url\":\"https:\/\/habibis.com\/wp-content\/uploads\/2025\/01\/habibis-icon_vegetarian-EN.svg\",\"contentUrl\":\"https:\/\/habibis.com\/wp-content\/uploads\/2025\/01\/habibis-icon_vegetarian-EN.svg\"},{\"@type\":\"BreadcrumbList\",\"@id\":\"https:\/\/habibis.com\/sv\/dubai-dip\/#breadcrumb\",\"itemListElement\":[{\"@type\":\"ListItem\",\"position\":1,\"name\":\"Home\",\"item\":\"https:\/\/habibis.com\/sv\/\"},{\"@type\":\"ListItem\",\"position\":2,\"name\":\"Dubai Dip\"}]},{\"@type\":\"WebSite\",\"@id\":\"https:\/\/habibis.com\/sv\/#website\",\"url\":\"https:\/\/habibis.com\/sv\/\",\"name\":\"Habibi's Sweets\",\"description\":\"\",\"publisher\":{\"@id\":\"https:\/\/habibis.com\/sv\/#organization\"},\"potentialAction\":[{\"@type\":\"SearchAction\",\"target\":{\"@type\":\"EntryPoint\",\"urlTemplate\":\"https:\/\/habibis.com\/sv\/?s={search_term_string}\"},\"query-input\":{\"@type\":\"PropertyValueSpecification\",\"valueRequired\":true,\"valueName\":\"search_term_string\"}}],\"inLanguage\":\"sv-SE\"},{\"@type\":\"Organization\",\"@id\":\"https:\/\/habibis.com\/sv\/#organization\",\"name\":\"Habibi's Sweets\",\"url\":\"https:\/\/habibis.com\/sv\/\",\"logo\":{\"@type\":\"ImageObject\",\"inLanguage\":\"sv-SE\",\"@id\":\"https:\/\/habibis.com\/sv\/#\/schema\/logo\/image\/\",\"url\":\"https:\/\/habibis.com\/wp-content\/uploads\/2025\/02\/Logo-Habibis-q.png\",\"contentUrl\":\"https:\/\/habibis.com\/wp-content\/uploads\/2025\/02\/Logo-Habibis-q.png\",\"width\":300,\"height\":300,\"caption\":\"Habibi's Sweets\"},\"image\":{\"@id\":\"https:\/\/habibis.com\/sv\/#\/schema\/logo\/image\/\"}}]}<\/script>\n<!-- \/ Yoast SEO plugin. -->","yoast_head_json":{"title":"Dubai Dip \u2013 Pistaschkr\u00e4m & br\u00f6dpinnesnack | Habibi's","description":"Njut av Habibi\u2019s Dubai Dip \u2013 det perfekta snacks-paketet med krispiga br\u00f6dpinnar och rik pistaschkr\u00e4m. Gjord f\u00f6r njutning n\u00e4r som helst, var som helst.","robots":{"index":"index","follow":"follow","max-snippet":"max-snippet:-1","max-image-preview":"max-image-preview:large","max-video-preview":"max-video-preview:-1"},"canonical":"https:\/\/habibis.com\/sv\/dubai-dip\/","og_locale":"sv_SE","og_type":"article","og_title":"Dubai Dip \u2013 Pistaschkr\u00e4m & br\u00f6dpinnesnack | Habibi's","og_description":"Njut av Habibi\u2019s Dubai Dip \u2013 det perfekta snacks-paketet med krispiga br\u00f6dpinnar och rik pistaschkr\u00e4m. Gjord f\u00f6r njutning n\u00e4r som helst, var som helst.","og_url":"https:\/\/habibis.com\/sv\/dubai-dip\/","og_site_name":"Habibi&#039;s Sweets","article_modified_time":"2025-08-27T15:02:44+00:00","og_image":[{"url":"https:\/\/habibis.com\/wp-content\/uploads\/2025\/01\/habibis-icon_vegetarian-EN.svg","type":"","width":"","height":""}],"twitter_card":"summary_large_image","twitter_misc":{"Ber\u00e4knad l\u00e4stid":"4 minuter"},"schema":{"@context":"https:\/\/schema.org","@graph":[{"@type":"WebPage","@id":"https:\/\/habibis.com\/sv\/dubai-dip\/","url":"https:\/\/habibis.com\/sv\/dubai-dip\/","name":"Dubai Dip \u2013 Pistaschkr\u00e4m & br\u00f6dpinnesnack | Habibi's","isPartOf":{"@id":"https:\/\/habibis.com\/sv\/#website"},"primaryImageOfPage":{"@id":"https:\/\/habibis.com\/sv\/dubai-dip\/#primaryimage"},"image":{"@id":"https:\/\/habibis.com\/sv\/dubai-dip\/#primaryimage"},"thumbnailUrl":"https:\/\/habibis.com\/wp-content\/uploads\/2025\/01\/habibis-icon_vegetarian-EN.svg","datePublished":"2025-08-06T08:18:57+00:00","dateModified":"2025-08-27T15:02:44+00:00","description":"Njut av Habibi\u2019s Dubai Dip \u2013 det perfekta snacks-paketet med krispiga br\u00f6dpinnar och rik pistaschkr\u00e4m. Gjord f\u00f6r njutning n\u00e4r som helst, var som helst.","breadcrumb":{"@id":"https:\/\/habibis.com\/sv\/dubai-dip\/#breadcrumb"},"inLanguage":"sv-SE","potentialAction":[{"@type":"ReadAction","target":["https:\/\/habibis.com\/sv\/dubai-dip\/"]}]},{"@type":"ImageObject","inLanguage":"sv-SE","@id":"https:\/\/habibis.com\/sv\/dubai-dip\/#primaryimage","url":"https:\/\/habibis.com\/wp-content\/uploads\/2025\/01\/habibis-icon_vegetarian-EN.svg","contentUrl":"https:\/\/habibis.com\/wp-content\/uploads\/2025\/01\/habibis-icon_vegetarian-EN.svg"},{"@type":"BreadcrumbList","@id":"https:\/\/habibis.com\/sv\/dubai-dip\/#breadcrumb","itemListElement":[{"@type":"ListItem","position":1,"name":"Home","item":"https:\/\/habibis.com\/sv\/"},{"@type":"ListItem","position":2,"name":"Dubai Dip"}]},{"@type":"WebSite","@id":"https:\/\/habibis.com\/sv\/#website","url":"https:\/\/habibis.com\/sv\/","name":"Habibi's Sweets","description":"","publisher":{"@id":"https:\/\/habibis.com\/sv\/#organization"},"potentialAction":[{"@type":"SearchAction","target":{"@type":"EntryPoint","urlTemplate":"https:\/\/habibis.com\/sv\/?s={search_term_string}"},"query-input":{"@type":"PropertyValueSpecification","valueRequired":true,"valueName":"search_term_string"}}],"inLanguage":"sv-SE"},{"@type":"Organization","@id":"https:\/\/habibis.com\/sv\/#organization","name":"Habibi's Sweets","url":"https:\/\/habibis.com\/sv\/","logo":{"@type":"ImageObject","inLanguage":"sv-SE","@id":"https:\/\/habibis.com\/sv\/#\/schema\/logo\/image\/","url":"https:\/\/habibis.com\/wp-content\/uploads\/2025\/02\/Logo-Habibis-q.png","contentUrl":"https:\/\/habibis.com\/wp-content\/uploads\/2025\/02\/Logo-Habibis-q.png","width":300,"height":300,"caption":"Habibi's Sweets"},"image":{"@id":"https:\/\/habibis.com\/sv\/#\/schema\/logo\/image\/"}}]}},"_links":{"self":[{"href":"https:\/\/habibis.com\/sv\/wp-json\/wp\/v2\/pages\/2280","targetHints":{"allow":["GET"]}}],"collection":[{"href":"https:\/\/habibis.com\/sv\/wp-json\/wp\/v2\/pages"}],"about":[{"href":"https:\/\/habibis.com\/sv\/wp-json\/wp\/v2\/types\/page"}],"author":[{"embeddable":true,"href":"https:\/\/habibis.com\/sv\/wp-json\/wp\/v2\/users\/2"}],"replies":[{"embeddable":true,"href":"https:\/\/habibis.com\/sv\/wp-json\/wp\/v2\/comments?post=2280"}],"version-history":[{"count":2,"href":"https:\/\/habibis.com\/sv\/wp-json\/wp\/v2\/pages\/2280\/revisions"}],"predecessor-version":[{"id":2282,"href":"https:\/\/habibis.com\/sv\/wp-json\/wp\/v2\/pages\/2280\/revisions\/2282"}],"wp:attachment":[{"href":"https:\/\/habibis.com\/sv\/wp-json\/wp\/v2\/media?parent=2280"}],"curies":[{"name":"wp","href":"https:\/\/api.w.org\/{rel}","templated":true}]}}