{"id":2265,"date":"2025-08-06T10:24:54","date_gmt":"2025-08-06T08:24:54","guid":{"rendered":"https:\/\/habibis.com\/dubai-crunchies\/"},"modified":"2025-08-27T16:44:48","modified_gmt":"2025-08-27T14:44:48","slug":"dubai-crunchies","status":"publish","type":"page","link":"https:\/\/habibis.com\/sv\/dubai-crunchies\/","title":{"rendered":"Dubai Crunchies"},"content":{"rendered":"<div class=\"wpb-content-wrapper\"><p>[vc_row full_width_css=&#8221;stretch_row_css&#8221; wrap_container=&#8221;yes&#8221; full_height=&#8221;yes&#8221; conditional_render=&#8221;%5B%7B%22value_role%22%3A%22administrator%22%7D%5D&#8221; css_params=&#8221;&#8221; css=&#8221;.vc_custom_1754465895603{margin-top: -4% !important;background-color: #361d0a !important;background-position: center !important;background-repeat: no-repeat !important;background-size: cover !important;}&#8221;][vc_column][vc_column_text css=&#8221;.vc_custom_1754902889826{padding-top: 5% !important;}&#8221; css_params=&#8221;&#8221;]<\/p>\n<h1 style=\"text-align: center; color: var(--porto-secondary-color);\">Habibi&#8217;s Dubai Crunchies<\/h1>\n<p>[\/vc_column_text][vc_row_inner animation_delay=&#8221;1000&#8243; animation_type=&#8221;fadeInUp&#8221; css_params=&#8221;&#8221;][vc_column_inner width=&#8221;1\/6&#8243;][\/vc_column_inner][vc_column_inner width=&#8221;1\/3&#8243;][vc_raw_html css=&#8221;.vc_custom_1756305713771{margin-top: -5% !important;}&#8221; css_params=&#8221;&#8221;]JTNDaW1nJTIwY2xhc3MlM0QlMjJzaXplLWZ1bGwlMjB3cC1pbWFnZS0xMjQ3JTIwYWxpZ25ub25lJTIyJTIwcm9sZSUzRCUyMmltZyUyMiUyMHNyYyUzRCUyMmh0dHBzJTNBJTJGJTJGaGFiaWJpcy5jb20lMkZ3cC1jb250ZW50JTJGdXBsb2FkcyUyRjIwMjUlMkYwMSUyRm1hcmtlci1jLWRvd24uc3ZnJTIyJTIwYWx0JTNEJTIyJTIyJTIwd2lkdGglM0QlMjIyMiUyMiUyMGhlaWdodCUzRCUyMjU4JTIyJTIwc3R5bGUlM0QlMjJwYWRkaW5nLXRvcCUzQTI1cHglM0IlMjIlMkYlM0UlMEElM0NzcGFuJTIwY2xhc3MlM0QlMjJwcm9kdWN0ZGV0YWlsdHlwbyUyMiUzRUtyaXNwaWclMjBzJUMzJUI2dG1hJTNDJTJGc3BhbiUzRSUwQSUzQ3AlMjBjbGFzcyUzRCUyMnR4dHdoaXRlJTIyJTIwc3R5bGUlM0QlMjJwYWRkaW5nLWxlZnQlM0EyNXB4JTNCJTIyJTNFRW4lMjBsZWtmdWxsJTIwZnVzaW9uJTIwYXYlMjBjcnVuY2glMkMlMjBrciVDMyVBNG0lMjBvY2glMjBjaG9rbGFkJTIwJUUyJTgwJTkzJTIwc2thcGFkJTIwZiVDMyVCNnIlMjBhdHQlMjBmJUMzJUI2cnRyb2xsYS4lMEElM0MlMkZwJTNF[\/vc_raw_html][\/vc_column_inner][vc_column_inner width=&#8221;1\/3&#8243;][vc_raw_html css=&#8221;.vc_custom_1756305728187{margin-top: -5% !important;}&#8221; css_params=&#8221;&#8221;]JTNDaW1nJTIwY2xhc3MlM0QlMjJzaXplLWZ1bGwlMjB3cC1pbWFnZS0xMjQ3JTIwYWxpZ25ub25lJTIyJTIwcm9sZSUzRCUyMmltZyUyMiUyMHNyYyUzRCUyMmh0dHBzJTNBJTJGJTJGaGFiaWJpcy5jb20lMkZ3cC1jb250ZW50JTJGdXBsb2FkcyUyRjIwMjUlMkYwMSUyRm1hcmtlci1jLWRvd24uc3ZnJTIyJTIwYWx0JTNEJTIyJTIyJTIwd2lkdGglM0QlMjIyMiUyMiUyMGhlaWdodCUzRCUyMjU4JTIyJTIwc3R5bGUlM0QlMjJwYWRkaW5nLXRvcCUzQTI1cHglM0IlMjIlMkYlM0UlMEElM0NzcGFuJTIwY2xhc3MlM0QlMjJwcm9kdWN0ZGV0YWlsdHlwbyUyMiUzRU9yaWdpbmFsJTIwZnIlQzMlQTVuJTIwRHViYWklM0MlMkZzcGFuJTNFJTBBJTNDcCUyMGNsYXNzJTNEJTIydHh0d2hpdGUlMjIlMjBzdHlsZSUzRCUyMnBhZGRpbmctbGVmdCUzQTI1cHglM0IlMjIlM0VUaWxsdmVya2FkJTIwaSUyMER1YmFpJTIwJUUyJTgwJTkzJTIwZW4lMjBrb21iaW5hdGlvbiUyMGF2JTIwbG9rYWwlMjBjaGFybSUyMG9jaCUyMG1vZGVybiUyMGtvbmZla3R5cmtvbnN0LiUzQyUyRnAlM0U=[\/vc_raw_html][\/vc_column_inner][vc_column_inner width=&#8221;1\/6&#8243;][\/vc_column_inner][\/vc_row_inner][vc_row_inner][vc_column_inner width=&#8221;1\/6&#8243;][\/vc_column_inner][vc_column_inner width=&#8221;2\/3&#8243;][vc_single_image image=&#8221;2033&#8243; img_size=&#8221;full&#8221; alignment=&#8221;center&#8221; css=&#8221;&#8221; animation_delay=&#8221;1000&#8243; css_params=&#8221;&#8221; animation_type=&#8221;bounceInUp&#8221;][\/vc_column_inner][vc_column_inner width=&#8221;1\/6&#8243;][\/vc_column_inner][\/vc_row_inner][vc_row_inner animation_delay=&#8221;200&#8243; animation_type=&#8221;fadeInUp&#8221; css_params=&#8221;&#8221;][vc_column_inner width=&#8221;1\/6&#8243;][\/vc_column_inner][vc_column_inner width=&#8221;1\/3&#8243;][vc_raw_html css=&#8221;.vc_custom_1756305767262{margin-top: -5% !important;}&#8221; css_params=&#8221;&#8221;]JTNDaW1nJTIwY2xhc3MlM0QlMjJzaXplLWZ1bGwlMjB3cC1pbWFnZS0xMjQ3JTIwYWxpZ25ub25lJTIyJTIwcm9sZSUzRCUyMmltZyUyMiUyMHNyYyUzRCUyMmh0dHBzJTNBJTJGJTJGaGFiaWJpcy5jb20lMkZ3cC1jb250ZW50JTJGdXBsb2FkcyUyRjIwMjUlMkYwMSUyRm1hcmtlci1jLXVwLnN2ZyUyMiUyMGFsdCUzRCUyMiUyMiUyMHdpZHRoJTNEJTIyMjIlMjIlMjBoZWlnaHQlM0QlMjI1OCUyMiUyMCUyRiUzRSUwQSUzQ3NwYW4lMjBjbGFzcyUzRCUyMnByb2R1Y3RkZXRhaWx0eXBvJTIyJTNFRiVDMyVCNnIlMjBzaW5uZW5hJTNDJTJGc3BhbiUzRSUwQSUzQ3AlMjBjbGFzcyUzRCUyMnR4dHdoaXRlJTIyJTNFVmFyamUlMjB0dWdnYSUyMGJqdWRlciUyMHAlQzMlQTUlMjBrcmlzcGlnaGV0JTJDJTIwc2FtbWV0c2xlbiUyMGtyJUMzJUE0bWlnaGV0JTIwb2NoJTIwZW4lMjBzdWJ0aWwlMjBzJUMzJUI2dG1hJTIwc29tJTIwZiVDMyVBNXIlMjBkaWclMjBhdHQlMjB2aWxqYSUyMGhhJTIwbWVyLiUzQyUyRnAlM0U=[\/vc_raw_html][\/vc_column_inner][vc_column_inner width=&#8221;1\/3&#8243;][vc_raw_html css=&#8221;.vc_custom_1756305781959{margin-top: -5% !important;}&#8221; css_params=&#8221;&#8221;]JTNDaW1nJTIwY2xhc3MlM0QlMjJzaXplLWZ1bGwlMjB3cC1pbWFnZS0xMjQ3JTIwYWxpZ25ub25lJTIyJTIwcm9sZSUzRCUyMmltZyUyMiUyMHNyYyUzRCUyMmh0dHBzJTNBJTJGJTJGaGFiaWJpcy5jb20lMkZ3cC1jb250ZW50JTJGdXBsb2FkcyUyRjIwMjUlMkYwMSUyRm1hcmtlci1jLXVwLnN2ZyUyMiUyMGFsdCUzRCUyMiUyMiUyMHdpZHRoJTNEJTIyMjIlMjIlMjBoZWlnaHQlM0QlMjI1OCUyMiUyMCUyRiUzRSUwQSUzQ3NwYW4lMjBjbGFzcyUzRCUyMnByb2R1Y3RkZXRhaWx0eXBvJTIyJTNFS29tcHJvbWlzc2wlQzMlQjZzJTIwa3ZhbGl0ZXQlM0MlMkZzcGFuJTNFJTBBJTNDcCUyMGNsYXNzJTNEJTIydHh0d2hpdGUlMjIlM0VHam9yZGElMjBtZWQlMjB2aXQlMjBjaG9rbGFkJTJDJTIwY29ybmZsYWtlcyUyMG9jaCUyMHYlQzMlQTVyJTIwc2lnbmF0dXItcGlzdGFzY2hrciVDMyVBNG0lMjAlRTIlODAlOTMlMjBmJUMzJUI2ciUyMHJlbiUyMHNuYWNrbmp1dG5pbmcuJTNDJTJGcCUzRQ==[\/vc_raw_html][\/vc_column_inner][vc_column_inner width=&#8221;1\/6&#8243;][\/vc_column_inner][\/vc_row_inner][\/vc_column][\/vc_row][vc_row css=&#8221;.vc_custom_1737015246283{padding-top: 5% !important;padding-right: 3% !important;padding-bottom: 5% !important;padding-left: 3% !important;}&#8221; conditional_render=&#8221;%5B%7B%22value_role%22%3A%22administrator%22%7D%5D&#8221; css_params=&#8221;&#8221;][vc_column][vc_row_inner][vc_column_inner width=&#8221;1\/2&#8243;][vc_single_image image=&#8221;1934&#8243; img_size=&#8221;full&#8221; alignment=&#8221;right&#8221; css=&#8221;&#8221; css_params=&#8221;&#8221;][vc_column_text css=&#8221;.vc_custom_1754466519657{margin-top: -5% !important;}&#8221; css_params=&#8221;&#8221;]<img loading=\"lazy\" decoding=\"async\" class=\"alignnone wp-image-1266 size-full\" role=\"img\" src=\"https:\/\/habibis.com\/wp-content\/uploads\/2025\/01\/habibis-icon_vegetarian-EN.svg\" alt=\"\" width=\"75\" height=\"75\" \/> \u00a0<img loading=\"lazy\" decoding=\"async\" class=\"alignnone size-full wp-image-1267\" role=\"img\" src=\"https:\/\/habibis.com\/wp-content\/uploads\/2025\/01\/habibis-icon_halal.svg\" alt=\"\" width=\"75\" height=\"75\" \/>[\/vc_column_text][\/vc_column_inner][vc_column_inner width=&#8221;1\/2&#8243;][vc_column_text css=&#8221;&#8221; css_params=&#8221;&#8221;]<\/p>\n<h2 class=\"p1\">V\u00e5ra Dubai Crunchies<\/h2>\n<p>[\/vc_column_text][vc_column_text css=&#8221;&#8221; css_params=&#8221;&#8221;]<\/p>\n<p data-start=\"2646\" data-end=\"2888\">Habibi\u2019s Dubai Crunchies \u00e4r den ultimata godsaken f\u00f6r alla som \u00e4lskar textur och smak. Varje tugga ger en tillfredsst\u00e4llande crunch fr\u00e5n rostade cornflakes, den n\u00f6tiga rikedomen fr\u00e5n pistaschkr\u00e4m och den sammetslena s\u00f6tman fr\u00e5n vit choklad.<\/p>\n<p data-start=\"2890\" data-end=\"3095\">L\u00e4tta men lyxiga. Krispiga men kr\u00e4miga. S\u00f6ta men balanserade. Oavsett om du sm\u00e5\u00e4ter p\u00e5 spr\u00e5ng, delar med v\u00e4nner eller smyger \u00e5t dig en liten godsak \u2013 <strong data-start=\"3040\" data-end=\"3093\">Dubai Crunchies \u00e4r ditt perfekta gl\u00e4dje\u00f6gonblick.<\/strong><\/p>\n<p>[\/vc_column_text][\/vc_column_inner][\/vc_row_inner][\/vc_column][\/vc_row][vc_row full_width_css=&#8221;stretch_row_css&#8221; wrap_container=&#8221;yes&#8221; content_placement=&#8221;middle&#8221; css=&#8221;.vc_custom_1754466595462{margin-top: -3% !important;padding-top: 3% !important;padding-right: 3% !important;padding-bottom: 3% !important;padding-left: 3% !important;background-color: #361d0a !important;}&#8221; el_id=&#8221;faq&#8221; conditional_render=&#8221;%5B%7B%22value_role%22%3A%22administrator%22%7D%5D&#8221; css_params=&#8221;&#8221;][vc_column offset=&#8221;vc_col-lg-8 vc_col-md-8&#8243;][vc_column_text css=&#8221;&#8221; css_params=&#8221;&#8221;]<\/p>\n<h3 style=\"color: var(--porto-secondary-color);\">Vanliga fr\u00e5gor om Dubai Crunchies<\/h3>\n<p class=\"txtwhite\">Allt du alltid velat veta om detta oemotst\u00e5ndliga snacks:<\/p>\n<p>[\/vc_column_text][\/vc_column][vc_column animation_delay=&#8221;1600&#8243; offset=&#8221;vc_col-lg-7 vc_col-md-7&#8243; el_class=&#8221;pe-lg-5 mb-5 mb-lg-4&#8243; conditional_render=&#8221;%5B%7B%22value_role%22%3A%22administrator%22%7D%5D&#8221; css_params=&#8221;&#8221;][vc_accordion active_tab=&#8221;1&#8243; collapsible=&#8221;yes&#8221; type=&#8221;custom&#8221; size=&#8221;panel-group-lg&#8221; skin=&#8221;primary&#8221; use_accordion=&#8221;true&#8221; el_class=&#8221;faq-list&#8221;][vc_accordion_tab title=&#8221;1 \u2013 Vad best\u00e5r Habibi\u2019s Dubai Crunchies av?&#8221;][vc_custom_heading text=&#8221;Gyldene cornflakes t\u00e4ckta med pistaschkr\u00e4m och omslutna av vit choklad.&#8221; font_container=&#8221;tag:p|text_align:left|color:%23777777|line_height:26px&#8221; use_theme_fonts=&#8221;yes&#8221; el_class=&#8221;mb-0&#8243; css_params=&#8221;&#8221;][\/vc_accordion_tab][vc_accordion_tab title=&#8221;2 \u2013 \u00c4r de vegetariska?&#8221;][vc_custom_heading text=&#8221;Ja, Dubai Crunchies \u00e4r 100 % vegetariska.&#8221; font_container=&#8221;tag:p|text_align:left|color:%23777777|line_height:26px&#8221; use_theme_fonts=&#8221;yes&#8221; el_class=&#8221;mb-0&#8243; css_params=&#8221;&#8221;][\/vc_accordion_tab][vc_accordion_tab title=&#8221;3 \u2013 \u00c4r de l\u00e4mpliga f\u00f6r barn?&#8221;][vc_custom_heading text=&#8221;Absolut \u2013 barn \u00e4lskar dem, och de \u00e4r en rolig godsak f\u00f6r alla \u00e5ldrar.&#8221; font_container=&#8221;tag:p|text_align:left|color:%23777777|line_height:26px&#8221; use_theme_fonts=&#8221;yes&#8221; el_class=&#8221;mb-0&#8243; css_params=&#8221;&#8221;][\/vc_accordion_tab][\/vc_accordion][\/vc_column][vc_column width=&#8221;3\/4&#8243; animation_delay=&#8221;1500&#8243; offset=&#8221;vc_col-lg-5 vc_col-md-5 vc_col-xs-9&#8243; el_class=&#8221;floating-images ps-sm-5 mb-lg-4 mx-auto&#8221; animation_type=&#8221;fadeInRight&#8221;][vc_single_image image=&#8221;2033&#8243; img_size=&#8221;full&#8221; css=&#8221;&#8221; animation_delay=&#8221;500&#8243; floating_start_pos=&#8221;top&#8221; floating_speed=&#8221;9.8&#8243; el_class=&#8221;custom-box-shadow-1 mb-0&#8243; css_params=&#8221;&#8221;][\/vc_column][\/vc_row][vc_row disable_element=&#8221;yes&#8221; css=&#8221;.vc_custom_1754469298687{padding-top: 3% !important;padding-right: 3% !important;padding-bottom: 3% !important;padding-left: 3% !important;}&#8221; conditional_render=&#8221;%5B%7B%22value_role%22%3A%22administrator%22%7D%5D&#8221; css_params=&#8221;&#8221;][vc_column][vc_column_text css=&#8221;&#8221; css_params=&#8221;&#8221;]<\/p>\n<h2 style=\"text-align: center;\">Discover the flavors of our Dubai Chocolate Dates<\/h2>\n<p>[\/vc_column_text]<div id=\"porto-carousel-49050393969e9de959057c\" class=\"porto-carousel-wrapper\" data-gutter=\"15\" data-rtl=\"false\" ><div class=\"porto-ultimate-carousel porto-carousel-208002650769e9de959051d \" >[vc_row_inner][vc_column_inner][vc_single_image image=&#8221;1922&#8243; img_size=&#8221;full&#8221; css=&#8221;&#8221; css_params=&#8221;&#8221;][vc_column_text css=&#8221;.vc_custom_1754466898984{padding-bottom: 3% !important;}&#8221; css_params=&#8221;&#8221;]<\/p>\n<p style=\"text-align: center;\"><strong><span class=\"productheadlineexplore\">Dark Chocolate<\/span><\/strong><\/p>\n<p>[\/vc_column_text][\/vc_column_inner][\/vc_row_inner][vc_row_inner][vc_column_inner][vc_single_image image=&#8221;1928&#8243; img_size=&#8221;full&#8221; css=&#8221;&#8221; css_params=&#8221;&#8221;][vc_column_text css=&#8221;.vc_custom_1754466903801{padding-bottom: 3% !important;}&#8221; css_params=&#8221;&#8221;]<\/p>\n<p style=\"text-align: center;\"><strong><span class=\"productheadlineexplore\">White Chocolate<\/span><\/strong><\/p>\n<p>[\/vc_column_text][\/vc_column_inner][\/vc_row_inner]<\/div><\/div><script type=\"text\/javascript\" id=\"ultimate-carousel\">\r\n\t(function(){\r\n\t\tvar porto_inc_slick_js = function() {\r\n\t\t\t( function( $ ) {\r\n\t\t\t\tif ( $.fn.slick ) {\r\n\t\t\t\t\t$('.porto-carousel-208002650769e9de959051d').slick({dots: true,autoplay: true,autoplaySpeed: 5000,speed: 300,infinite: true,arrows: true,nextArrow: '<button type=\"button\" role=\"button\" aria-label=\"Next\" style=\"color:#333333; font-size:20px;\" class=\"slick-next default\"><i class=\"fas fa-chevron-right\"><\/i><\/button>',prevArrow: '<button type=\"button\" role=\"button\" aria-label=\"Previous\" style=\"color:#333333; font-size:20px;\" class=\"slick-prev default\"><i class=\"fas fa-chevron-left\"><\/i><\/button>',slidesToScroll:2,slidesToShow:2,swipe: true,draggable: true,touchMove: true,pauseOnHover: true,responsive: [\r\n\t\t\t\t{\r\n\t\t\t\t  breakpoint: 1025,\r\n\t\t\t\t  settings: {\r\n\t\t\t\t\tslidesToShow: 2,\r\n\t\t\t\t\tslidesToScroll: 2,  \r\n\t\t\t\t  }\r\n\t\t\t\t},\r\n\t\t\t\t{\r\n\t\t\t\t  breakpoint: 769,\r\n\t\t\t\t  settings: {\r\n\t\t\t\t\tslidesToShow: 2,\r\n\t\t\t\t\tslidesToScroll: 2\r\n\t\t\t\t  }\r\n\t\t\t\t},\r\n\t\t\t\t{\r\n\t\t\t\t  breakpoint: 481,\r\n\t\t\t\t  settings: {\r\n\t\t\t\t\tslidesToShow: 1,\r\n\t\t\t\t\tslidesToScroll: 1\r\n\t\t\t\t  }\r\n\t\t\t\t}\r\n\t\t\t],pauseOnDotsHover: true,customPaging: function(slider, i) {\r\n\t   return '<i type=\"button\" style=\"color:#333333;\" class=\"far fa-circle\" data-role=\"none\"><\/i>';\r\n\t},});\r\n\t\t\t\t} else {\r\n\t\t\t\t\t\t\t\t}\r\n\t\t\t} )( jQuery );\r\n\t\t};\r\n\r\n\t\tif ( window.theme && theme.isLoaded ) {\r\n\t\t\tporto_inc_slick_js();\r\n\t\t} else {\r\n\t\t\twindow.addEventListener( 'load', porto_inc_slick_js );\r\n\t\t}\r\n\t})();\r\n<\/script>\r\n[\/vc_column][\/vc_row]<\/p>\n<\/div>","protected":false},"excerpt":{"rendered":"<p>[vc_row full_width_css=&#8221;stretch_row_css&#8221; wrap_container=&#8221;yes&#8221; full_height=&#8221;yes&#8221; conditional_render=&#8221;%5B%7B%22value_role%22%3A%22administrator%22%7D%5D&#8221; css_params=&#8221;&#8221; css=&#8221;.vc_custom_1754465895603{margin-top: -4% !important;background-color: #361d0a !important;background-position: center !important;background-repeat: no-repeat !important;background-size: cover !important;}&#8221;][vc_column][vc_column_text css=&#8221;.vc_custom_1754902889826{padding-top: 5% !important;}&#8221; css_params=&#8221;&#8221;] Habibi&#8217;s Dubai Crunchies [\/vc_column_text][vc_row_inner animation_delay=&#8221;1000&#8243; animation_type=&#8221;fadeInUp&#8221; css_params=&#8221;&#8221;][vc_column_inner width=&#8221;1\/6&#8243;][\/vc_column_inner][vc_column_inner width=&#8221;1\/3&#8243;][vc_raw_html css=&#8221;.vc_custom_1756305713771{margin-top: -5% !important;}&#8221; css_params=&#8221;&#8221;]JTNDaW1nJTIwY2xhc3MlM0QlMjJzaXplLWZ1bGwlMjB3cC1pbWFnZS0xMjQ3JTIwYWxpZ25ub25lJTIyJTIwcm9sZSUzRCUyMmltZyUyMiUyMHNyYyUzRCUyMmh0dHBzJTNBJTJGJTJGaGFiaWJpcy5jb20lMkZ3cC1jb250ZW50JTJGdXBsb2FkcyUyRjIwMjUlMkYwMSUyRm1hcmtlci1jLWRvd24uc3ZnJTIyJTIwYWx0JTNEJTIyJTIyJTIwd2lkdGglM0QlMjIyMiUyMiUyMGhlaWdodCUzRCUyMjU4JTIyJTIwc3R5bGUlM0QlMjJwYWRkaW5nLXRvcCUzQTI1cHglM0IlMjIlMkYlM0UlMEElM0NzcGFuJTIwY2xhc3MlM0QlMjJwcm9kdWN0ZGV0YWlsdHlwbyUyMiUzRUtyaXNwaWclMjBzJUMzJUI2dG1hJTNDJTJGc3BhbiUzRSUwQSUzQ3AlMjBjbGFzcyUzRCUyMnR4dHdoaXRlJTIyJTIwc3R5bGUlM0QlMjJwYWRkaW5nLWxlZnQlM0EyNXB4JTNCJTIyJTNFRW4lMjBsZWtmdWxsJTIwZnVzaW9uJTIwYXYlMjBjcnVuY2glMkMlMjBrciVDMyVBNG0lMjBvY2glMjBjaG9rbGFkJTIwJUUyJTgwJTkzJTIwc2thcGFkJTIwZiVDMyVCNnIlMjBhdHQlMjBmJUMzJUI2cnRyb2xsYS4lMEElM0MlMkZwJTNF[\/vc_raw_html][\/vc_column_inner][vc_column_inner width=&#8221;1\/3&#8243;][vc_raw_html css=&#8221;.vc_custom_1756305728187{margin-top: -5% !important;}&#8221; css_params=&#8221;&#8221;]JTNDaW1nJTIwY2xhc3MlM0QlMjJzaXplLWZ1bGwlMjB3cC1pbWFnZS0xMjQ3JTIwYWxpZ25ub25lJTIyJTIwcm9sZSUzRCUyMmltZyUyMiUyMHNyYyUzRCUyMmh0dHBzJTNBJTJGJTJGaGFiaWJpcy5jb20lMkZ3cC1jb250ZW50JTJGdXBsb2FkcyUyRjIwMjUlMkYwMSUyRm1hcmtlci1jLWRvd24uc3ZnJTIyJTIwYWx0JTNEJTIyJTIyJTIwd2lkdGglM0QlMjIyMiUyMiUyMGhlaWdodCUzRCUyMjU4JTIyJTIwc3R5bGUlM0QlMjJwYWRkaW5nLXRvcCUzQTI1cHglM0IlMjIlMkYlM0UlMEElM0NzcGFuJTIwY2xhc3MlM0QlMjJwcm9kdWN0ZGV0YWlsdHlwbyUyMiUzRU9yaWdpbmFsJTIwZnIlQzMlQTVuJTIwRHViYWklM0MlMkZzcGFuJTNFJTBBJTNDcCUyMGNsYXNzJTNEJTIydHh0d2hpdGUlMjIlMjBzdHlsZSUzRCUyMnBhZGRpbmctbGVmdCUzQTI1cHglM0IlMjIlM0VUaWxsdmVya2FkJTIwaSUyMER1YmFpJTIwJUUyJTgwJTkzJTIwZW4lMjBrb21iaW5hdGlvbiUyMGF2JTIwbG9rYWwlMjBjaGFybSUyMG9jaCUyMG1vZGVybiUyMGtvbmZla3R5cmtvbnN0LiUzQyUyRnAlM0U=[\/vc_raw_html][\/vc_column_inner][vc_column_inner width=&#8221;1\/6&#8243;][\/vc_column_inner][\/vc_row_inner][vc_row_inner][vc_column_inner width=&#8221;1\/6&#8243;][\/vc_column_inner][vc_column_inner width=&#8221;2\/3&#8243;][vc_single_image image=&#8221;2033&#8243; img_size=&#8221;full&#8221; alignment=&#8221;center&#8221; css=&#8221;&#8221; animation_delay=&#8221;1000&#8243; css_params=&#8221;&#8221; animation_type=&#8221;bounceInUp&#8221;][\/vc_column_inner][vc_column_inner width=&#8221;1\/6&#8243;][\/vc_column_inner][\/vc_row_inner][vc_row_inner animation_delay=&#8221;200&#8243; animation_type=&#8221;fadeInUp&#8221; css_params=&#8221;&#8221;][vc_column_inner width=&#8221;1\/6&#8243;][\/vc_column_inner][vc_column_inner width=&#8221;1\/3&#8243;][vc_raw_html [&hellip;]<\/p>\n","protected":false},"author":2,"featured_media":0,"parent":0,"menu_order":0,"comment_status":"closed","ping_status":"closed","template":"","meta":{"footnotes":""},"class_list":["post-2265","page","type-page","status-publish","hentry"],"yoast_head":"<!-- This site is optimized with the Yoast SEO plugin v27.4 - https:\/\/yoast.com\/product\/yoast-seo-wordpress\/ -->\n<title>Dubai Crunchies \u2013 Pistasch &amp; choklad-cornflakesbitar | Habibi&#039;s<\/title>\n<meta name=\"description\" content=\"Krispiga cornflakes t\u00e4ckta med pistaschkr\u00e4m och omslutna av choklad \u2013 Habibi\u2019s Dubai Crunchies \u00e4r det perfekta krispigt-kr\u00e4miga snackset.\" \/>\n<meta name=\"robots\" content=\"index, follow, max-snippet:-1, max-image-preview:large, max-video-preview:-1\" \/>\n<link rel=\"canonical\" href=\"https:\/\/habibis.com\/sv\/dubai-crunchies\/\" \/>\n<meta property=\"og:locale\" content=\"sv_SE\" \/>\n<meta property=\"og:type\" content=\"article\" \/>\n<meta property=\"og:title\" content=\"Dubai Crunchies \u2013 Pistasch &amp; choklad-cornflakesbitar | Habibi&#039;s\" \/>\n<meta property=\"og:description\" content=\"Krispiga cornflakes t\u00e4ckta med pistaschkr\u00e4m och omslutna av choklad \u2013 Habibi\u2019s Dubai Crunchies \u00e4r det perfekta krispigt-kr\u00e4miga snackset.\" \/>\n<meta property=\"og:url\" content=\"https:\/\/habibis.com\/sv\/dubai-crunchies\/\" \/>\n<meta property=\"og:site_name\" content=\"Habibi&#039;s Sweets\" \/>\n<meta property=\"article:modified_time\" content=\"2025-08-27T14:44:48+00:00\" \/>\n<meta property=\"og:image\" content=\"https:\/\/habibis.com\/wp-content\/uploads\/2025\/01\/habibis-icon_vegetarian-EN.svg\" \/>\n<meta name=\"twitter:card\" content=\"summary_large_image\" \/>\n<meta name=\"twitter:label1\" content=\"Ber\u00e4knad l\u00e4stid\" \/>\n\t<meta name=\"twitter:data1\" content=\"4 minuter\" \/>\n<script type=\"application\/ld+json\" class=\"yoast-schema-graph\">{\"@context\":\"https:\\\/\\\/schema.org\",\"@graph\":[{\"@type\":\"WebPage\",\"@id\":\"https:\\\/\\\/habibis.com\\\/sv\\\/dubai-crunchies\\\/\",\"url\":\"https:\\\/\\\/habibis.com\\\/sv\\\/dubai-crunchies\\\/\",\"name\":\"Dubai Crunchies \u2013 Pistasch & choklad-cornflakesbitar | Habibi's\",\"isPartOf\":{\"@id\":\"https:\\\/\\\/habibis.com\\\/sv\\\/#website\"},\"primaryImageOfPage\":{\"@id\":\"https:\\\/\\\/habibis.com\\\/sv\\\/dubai-crunchies\\\/#primaryimage\"},\"image\":{\"@id\":\"https:\\\/\\\/habibis.com\\\/sv\\\/dubai-crunchies\\\/#primaryimage\"},\"thumbnailUrl\":\"https:\\\/\\\/habibis.com\\\/wp-content\\\/uploads\\\/2025\\\/01\\\/habibis-icon_vegetarian-EN.svg\",\"datePublished\":\"2025-08-06T08:24:54+00:00\",\"dateModified\":\"2025-08-27T14:44:48+00:00\",\"description\":\"Krispiga cornflakes t\u00e4ckta med pistaschkr\u00e4m och omslutna av choklad \u2013 Habibi\u2019s Dubai Crunchies \u00e4r det perfekta krispigt-kr\u00e4miga snackset.\",\"breadcrumb\":{\"@id\":\"https:\\\/\\\/habibis.com\\\/sv\\\/dubai-crunchies\\\/#breadcrumb\"},\"inLanguage\":\"sv-SE\",\"potentialAction\":[{\"@type\":\"ReadAction\",\"target\":[\"https:\\\/\\\/habibis.com\\\/sv\\\/dubai-crunchies\\\/\"]}]},{\"@type\":\"ImageObject\",\"inLanguage\":\"sv-SE\",\"@id\":\"https:\\\/\\\/habibis.com\\\/sv\\\/dubai-crunchies\\\/#primaryimage\",\"url\":\"https:\\\/\\\/habibis.com\\\/wp-content\\\/uploads\\\/2025\\\/01\\\/habibis-icon_vegetarian-EN.svg\",\"contentUrl\":\"https:\\\/\\\/habibis.com\\\/wp-content\\\/uploads\\\/2025\\\/01\\\/habibis-icon_vegetarian-EN.svg\"},{\"@type\":\"BreadcrumbList\",\"@id\":\"https:\\\/\\\/habibis.com\\\/sv\\\/dubai-crunchies\\\/#breadcrumb\",\"itemListElement\":[{\"@type\":\"ListItem\",\"position\":1,\"name\":\"Home\",\"item\":\"https:\\\/\\\/habibis.com\\\/sv\\\/\"},{\"@type\":\"ListItem\",\"position\":2,\"name\":\"Dubai Crunchies\"}]},{\"@type\":\"WebSite\",\"@id\":\"https:\\\/\\\/habibis.com\\\/sv\\\/#website\",\"url\":\"https:\\\/\\\/habibis.com\\\/sv\\\/\",\"name\":\"Habibi's Sweets\",\"description\":\"\",\"publisher\":{\"@id\":\"https:\\\/\\\/habibis.com\\\/sv\\\/#organization\"},\"potentialAction\":[{\"@type\":\"SearchAction\",\"target\":{\"@type\":\"EntryPoint\",\"urlTemplate\":\"https:\\\/\\\/habibis.com\\\/sv\\\/?s={search_term_string}\"},\"query-input\":{\"@type\":\"PropertyValueSpecification\",\"valueRequired\":true,\"valueName\":\"search_term_string\"}}],\"inLanguage\":\"sv-SE\"},{\"@type\":\"Organization\",\"@id\":\"https:\\\/\\\/habibis.com\\\/sv\\\/#organization\",\"name\":\"Habibi's Sweets\",\"url\":\"https:\\\/\\\/habibis.com\\\/sv\\\/\",\"logo\":{\"@type\":\"ImageObject\",\"inLanguage\":\"sv-SE\",\"@id\":\"https:\\\/\\\/habibis.com\\\/sv\\\/#\\\/schema\\\/logo\\\/image\\\/\",\"url\":\"https:\\\/\\\/habibis.com\\\/wp-content\\\/uploads\\\/2025\\\/02\\\/Logo-Habibis-q.png\",\"contentUrl\":\"https:\\\/\\\/habibis.com\\\/wp-content\\\/uploads\\\/2025\\\/02\\\/Logo-Habibis-q.png\",\"width\":300,\"height\":300,\"caption\":\"Habibi's Sweets\"},\"image\":{\"@id\":\"https:\\\/\\\/habibis.com\\\/sv\\\/#\\\/schema\\\/logo\\\/image\\\/\"}}]}<\/script>\n<!-- \/ Yoast SEO plugin. -->","yoast_head_json":{"title":"Dubai Crunchies \u2013 Pistasch & choklad-cornflakesbitar | Habibi's","description":"Krispiga cornflakes t\u00e4ckta med pistaschkr\u00e4m och omslutna av choklad \u2013 Habibi\u2019s Dubai Crunchies \u00e4r det perfekta krispigt-kr\u00e4miga snackset.","robots":{"index":"index","follow":"follow","max-snippet":"max-snippet:-1","max-image-preview":"max-image-preview:large","max-video-preview":"max-video-preview:-1"},"canonical":"https:\/\/habibis.com\/sv\/dubai-crunchies\/","og_locale":"sv_SE","og_type":"article","og_title":"Dubai Crunchies \u2013 Pistasch & choklad-cornflakesbitar | Habibi's","og_description":"Krispiga cornflakes t\u00e4ckta med pistaschkr\u00e4m och omslutna av choklad \u2013 Habibi\u2019s Dubai Crunchies \u00e4r det perfekta krispigt-kr\u00e4miga snackset.","og_url":"https:\/\/habibis.com\/sv\/dubai-crunchies\/","og_site_name":"Habibi&#039;s Sweets","article_modified_time":"2025-08-27T14:44:48+00:00","og_image":[{"url":"https:\/\/habibis.com\/wp-content\/uploads\/2025\/01\/habibis-icon_vegetarian-EN.svg","type":"","width":"","height":""}],"twitter_card":"summary_large_image","twitter_misc":{"Ber\u00e4knad l\u00e4stid":"4 minuter"},"schema":{"@context":"https:\/\/schema.org","@graph":[{"@type":"WebPage","@id":"https:\/\/habibis.com\/sv\/dubai-crunchies\/","url":"https:\/\/habibis.com\/sv\/dubai-crunchies\/","name":"Dubai Crunchies \u2013 Pistasch & choklad-cornflakesbitar | Habibi's","isPartOf":{"@id":"https:\/\/habibis.com\/sv\/#website"},"primaryImageOfPage":{"@id":"https:\/\/habibis.com\/sv\/dubai-crunchies\/#primaryimage"},"image":{"@id":"https:\/\/habibis.com\/sv\/dubai-crunchies\/#primaryimage"},"thumbnailUrl":"https:\/\/habibis.com\/wp-content\/uploads\/2025\/01\/habibis-icon_vegetarian-EN.svg","datePublished":"2025-08-06T08:24:54+00:00","dateModified":"2025-08-27T14:44:48+00:00","description":"Krispiga cornflakes t\u00e4ckta med pistaschkr\u00e4m och omslutna av choklad \u2013 Habibi\u2019s Dubai Crunchies \u00e4r det perfekta krispigt-kr\u00e4miga snackset.","breadcrumb":{"@id":"https:\/\/habibis.com\/sv\/dubai-crunchies\/#breadcrumb"},"inLanguage":"sv-SE","potentialAction":[{"@type":"ReadAction","target":["https:\/\/habibis.com\/sv\/dubai-crunchies\/"]}]},{"@type":"ImageObject","inLanguage":"sv-SE","@id":"https:\/\/habibis.com\/sv\/dubai-crunchies\/#primaryimage","url":"https:\/\/habibis.com\/wp-content\/uploads\/2025\/01\/habibis-icon_vegetarian-EN.svg","contentUrl":"https:\/\/habibis.com\/wp-content\/uploads\/2025\/01\/habibis-icon_vegetarian-EN.svg"},{"@type":"BreadcrumbList","@id":"https:\/\/habibis.com\/sv\/dubai-crunchies\/#breadcrumb","itemListElement":[{"@type":"ListItem","position":1,"name":"Home","item":"https:\/\/habibis.com\/sv\/"},{"@type":"ListItem","position":2,"name":"Dubai Crunchies"}]},{"@type":"WebSite","@id":"https:\/\/habibis.com\/sv\/#website","url":"https:\/\/habibis.com\/sv\/","name":"Habibi's Sweets","description":"","publisher":{"@id":"https:\/\/habibis.com\/sv\/#organization"},"potentialAction":[{"@type":"SearchAction","target":{"@type":"EntryPoint","urlTemplate":"https:\/\/habibis.com\/sv\/?s={search_term_string}"},"query-input":{"@type":"PropertyValueSpecification","valueRequired":true,"valueName":"search_term_string"}}],"inLanguage":"sv-SE"},{"@type":"Organization","@id":"https:\/\/habibis.com\/sv\/#organization","name":"Habibi's Sweets","url":"https:\/\/habibis.com\/sv\/","logo":{"@type":"ImageObject","inLanguage":"sv-SE","@id":"https:\/\/habibis.com\/sv\/#\/schema\/logo\/image\/","url":"https:\/\/habibis.com\/wp-content\/uploads\/2025\/02\/Logo-Habibis-q.png","contentUrl":"https:\/\/habibis.com\/wp-content\/uploads\/2025\/02\/Logo-Habibis-q.png","width":300,"height":300,"caption":"Habibi's Sweets"},"image":{"@id":"https:\/\/habibis.com\/sv\/#\/schema\/logo\/image\/"}}]}},"_links":{"self":[{"href":"https:\/\/habibis.com\/sv\/wp-json\/wp\/v2\/pages\/2265","targetHints":{"allow":["GET"]}}],"collection":[{"href":"https:\/\/habibis.com\/sv\/wp-json\/wp\/v2\/pages"}],"about":[{"href":"https:\/\/habibis.com\/sv\/wp-json\/wp\/v2\/types\/page"}],"author":[{"embeddable":true,"href":"https:\/\/habibis.com\/sv\/wp-json\/wp\/v2\/users\/2"}],"replies":[{"embeddable":true,"href":"https:\/\/habibis.com\/sv\/wp-json\/wp\/v2\/comments?post=2265"}],"version-history":[{"count":2,"href":"https:\/\/habibis.com\/sv\/wp-json\/wp\/v2\/pages\/2265\/revisions"}],"predecessor-version":[{"id":2267,"href":"https:\/\/habibis.com\/sv\/wp-json\/wp\/v2\/pages\/2265\/revisions\/2267"}],"wp:attachment":[{"href":"https:\/\/habibis.com\/sv\/wp-json\/wp\/v2\/media?parent=2265"}],"curies":[{"name":"wp","href":"https:\/\/api.w.org\/{rel}","templated":true}]}}