{"id":2261,"date":"2025-08-06T10:24:54","date_gmt":"2025-08-06T08:24:54","guid":{"rendered":"https:\/\/habibis.com\/dubai-crunchies\/"},"modified":"2025-08-27T16:40:46","modified_gmt":"2025-08-27T14:40:46","slug":"dubai-crunchies","status":"publish","type":"page","link":"https:\/\/habibis.com\/de\/dubai-crunchies\/","title":{"rendered":"Dubai Crunchies"},"content":{"rendered":"<div class=\"wpb-content-wrapper\"><p>[vc_row full_width_css=&#8220;stretch_row_css&#8220; wrap_container=&#8220;yes&#8220; full_height=&#8220;yes&#8220; conditional_render=&#8220;%5B%7B%22value_role%22%3A%22administrator%22%7D%5D&#8220; css_params=&#8220;&#8220; css=&#8220;.vc_custom_1754465895603{margin-top: -4% !important;background-color: #361d0a !important;background-position: center !important;background-repeat: no-repeat !important;background-size: cover !important;}&#8220;][vc_column][vc_column_text css=&#8220;.vc_custom_1754902889826{padding-top: 5% !important;}&#8220; css_params=&#8220;&#8220;]<\/p>\n<h1 style=\"text-align: center; color: var(--porto-secondary-color);\">Habibi&#8217;s Dubai Crunchies<\/h1>\n<p>[\/vc_column_text][vc_row_inner animation_delay=&#8220;1000&#8243; animation_type=&#8220;fadeInUp&#8220; css_params=&#8220;&#8220;][vc_column_inner width=&#8220;1\/6&#8243;][\/vc_column_inner][vc_column_inner width=&#8220;1\/3&#8243;][vc_raw_html css=&#8220;.vc_custom_1756305476343{margin-top: -5% !important;}&#8220; css_params=&#8220;&#8220;]JTNDaW1nJTIwY2xhc3MlM0QlMjJzaXplLWZ1bGwlMjB3cC1pbWFnZS0xMjQ3JTIwYWxpZ25ub25lJTIyJTIwcm9sZSUzRCUyMmltZyUyMiUyMHNyYyUzRCUyMmh0dHBzJTNBJTJGJTJGaGFiaWJpcy5jb20lMkZ3cC1jb250ZW50JTJGdXBsb2FkcyUyRjIwMjUlMkYwMSUyRm1hcmtlci1jLWRvd24uc3ZnJTIyJTIwYWx0JTNEJTIyJTIyJTIwd2lkdGglM0QlMjIyMiUyMiUyMGhlaWdodCUzRCUyMjU4JTIyJTIwc3R5bGUlM0QlMjJwYWRkaW5nLXRvcCUzQTI1cHglM0IlMjIlMkYlM0UlMEElM0NzcGFuJTIwY2xhc3MlM0QlMjJwcm9kdWN0ZGV0YWlsdHlwbyUyMiUzRUtudXNwcmlnZSUyMFMlQzMlQkMlQzMlOUZlJTNDJTJGc3BhbiUzRSUwQSUzQ3AlMjBjbGFzcyUzRCUyMnR4dHdoaXRlJTIyJTIwc3R5bGUlM0QlMjJwYWRkaW5nLWxlZnQlM0EyNXB4JTNCJTIyJTNFRWluJTIwdmVyc3BpZWx0ZXIlMjBNaXglMjBhdXMlMjBDcnVuY2glMkMlMjBDcmVtZSUyMHVuZCUyMFNjaG9rb2xhZGUlMjAlRTIlODAlOTMlMjBnZW1hY2h0JTJDJTIwdW0lMjB6dSUyMGJlZ2Vpc3Rlcm4uJTBBJTNDJTJGcCUzRQ==[\/vc_raw_html][\/vc_column_inner][vc_column_inner width=&#8220;1\/3&#8243;][vc_raw_html css=&#8220;.vc_custom_1756305487992{margin-top: -5% !important;}&#8220; css_params=&#8220;&#8220;]JTNDaW1nJTIwY2xhc3MlM0QlMjJzaXplLWZ1bGwlMjB3cC1pbWFnZS0xMjQ3JTIwYWxpZ25ub25lJTIyJTIwcm9sZSUzRCUyMmltZyUyMiUyMHNyYyUzRCUyMmh0dHBzJTNBJTJGJTJGaGFiaWJpcy5jb20lMkZ3cC1jb250ZW50JTJGdXBsb2FkcyUyRjIwMjUlMkYwMSUyRm1hcmtlci1jLWRvd24uc3ZnJTIyJTIwYWx0JTNEJTIyJTIyJTIwd2lkdGglM0QlMjIyMiUyMiUyMGhlaWdodCUzRCUyMjU4JTIyJTIwc3R5bGUlM0QlMjJwYWRkaW5nLXRvcCUzQTI1cHglM0IlMjIlMkYlM0UlMEElM0NzcGFuJTIwY2xhc3MlM0QlMjJwcm9kdWN0ZGV0YWlsdHlwbyUyMiUzRU9yaWdpbmFsJTIwYXVzJTIwRHViYWklM0MlMkZzcGFuJTNFJTBBJTNDcCUyMGNsYXNzJTNEJTIydHh0d2hpdGUlMjIlMjBzdHlsZSUzRCUyMnBhZGRpbmctbGVmdCUzQTI1cHglM0IlMjIlM0VNaXQlMjBMaWViZSUyMGluJTIwRHViYWklMjBoZXJnZXN0ZWxsdCUyMCVFMiU4MCU5MyUyMGVpbmUlMjBWZXJiaW5kdW5nJTIwYXVzJTIwbG9rYWxlbSUyMENoYXJtZSUyMHVuZCUyMG1vZGVybmVyJTIwQ29uZmlzZXJpZS1LdW5zdC4lM0MlMkZwJTNF[\/vc_raw_html][\/vc_column_inner][vc_column_inner width=&#8220;1\/6&#8243;][\/vc_column_inner][\/vc_row_inner][vc_row_inner][vc_column_inner width=&#8220;1\/6&#8243;][\/vc_column_inner][vc_column_inner width=&#8220;2\/3&#8243;][vc_single_image image=&#8220;2033&#8243; img_size=&#8220;full&#8220; alignment=&#8220;center&#8220; css=&#8220;&#8220; animation_delay=&#8220;1000&#8243; css_params=&#8220;&#8220; animation_type=&#8220;bounceInUp&#8220;][\/vc_column_inner][vc_column_inner width=&#8220;1\/6&#8243;][\/vc_column_inner][\/vc_row_inner][vc_row_inner animation_delay=&#8220;200&#8243; animation_type=&#8220;fadeInUp&#8220; css_params=&#8220;&#8220;][vc_column_inner width=&#8220;1\/6&#8243;][\/vc_column_inner][vc_column_inner width=&#8220;1\/3&#8243;][vc_raw_html css=&#8220;.vc_custom_1756305501875{margin-top: -5% !important;}&#8220; css_params=&#8220;&#8220;]JTNDaW1nJTIwY2xhc3MlM0QlMjJzaXplLWZ1bGwlMjB3cC1pbWFnZS0xMjQ3JTIwYWxpZ25ub25lJTIyJTIwcm9sZSUzRCUyMmltZyUyMiUyMHNyYyUzRCUyMmh0dHBzJTNBJTJGJTJGaGFiaWJpcy5jb20lMkZ3cC1jb250ZW50JTJGdXBsb2FkcyUyRjIwMjUlMkYwMSUyRm1hcmtlci1jLXVwLnN2ZyUyMiUyMGFsdCUzRCUyMiUyMiUyMHdpZHRoJTNEJTIyMjIlMjIlMjBoZWlnaHQlM0QlMjI1OCUyMiUyMCUyRiUzRSUwQSUzQ3NwYW4lMjBjbGFzcyUzRCUyMnByb2R1Y3RkZXRhaWx0eXBvJTIyJTNFU3RpbXVsYXRpb24lMjBmJUMzJUJDciUyMGRpZSUyMFNpbm5lJTNDJTJGc3BhbiUzRSUwQSUzQ3AlMjBjbGFzcyUzRCUyMnR4dHdoaXRlJTIyJTNFSmVkZXIlMjBCaXNzJTIwbGllZmVydCUyMGtudXNwcmlnZSUyMENvcm5mbGFrZXMlMkMlMjBzZWlkaWdlJTIwQ3JlbWlna2VpdCUyMHVuZCUyMGVpbmUlMjBmZWluZSUyMFMlQzMlQkMlQzMlOUZlJTJDJTIwZGllJTIwTHVzdCUyMGF1ZiUyMG1laHIlMjBtYWNodC4lM0MlMkZwJTNF[\/vc_raw_html][\/vc_column_inner][vc_column_inner width=&#8220;1\/3&#8243;][vc_raw_html css=&#8220;.vc_custom_1756305516208{margin-top: -5% !important;}&#8220; css_params=&#8220;&#8220;]JTNDaW1nJTIwY2xhc3MlM0QlMjJzaXplLWZ1bGwlMjB3cC1pbWFnZS0xMjQ3JTIwYWxpZ25ub25lJTIyJTIwcm9sZSUzRCUyMmltZyUyMiUyMHNyYyUzRCUyMmh0dHBzJTNBJTJGJTJGaGFiaWJpcy5jb20lMkZ3cC1jb250ZW50JTJGdXBsb2FkcyUyRjIwMjUlMkYwMSUyRm1hcmtlci1jLXVwLnN2ZyUyMiUyMGFsdCUzRCUyMiUyMiUyMHdpZHRoJTNEJTIyMjIlMjIlMjBoZWlnaHQlM0QlMjI1OCUyMiUyMCUyRiUzRSUwQSUzQ3NwYW4lMjBjbGFzcyUzRCUyMnByb2R1Y3RkZXRhaWx0eXBvJTIyJTNFS29tcHJvbWlzc2xvc2UlMjBRdWFsaXQlQzMlQTR0JTNDJTJGc3BhbiUzRSUwQSUzQ3AlMjBjbGFzcyUzRCUyMnR4dHdoaXRlJTIyJTNFSGVyZ2VzdGVsbHQlMjBtaXQlMjB3ZWklQzMlOUZlciUyMFNjaG9rb2xhZGUlMkMlMjBDb3JuZmxha2VzJTIwdW5kJTIwdW5zZXJlciUyMGNoYXJha3RlcmlzdGlzY2hlbiUyMFBpc3RhemllbmNyZW1lJTIwJUUyJTgwJTkzJTIwZiVDMyVCQ3IlMjBwdXJlbiUyMFNuYWNrZ2VudXNzLiUzQyUyRnAlM0U=[\/vc_raw_html][\/vc_column_inner][vc_column_inner width=&#8220;1\/6&#8243;][\/vc_column_inner][\/vc_row_inner][\/vc_column][\/vc_row][vc_row css=&#8220;.vc_custom_1737015246283{padding-top: 5% !important;padding-right: 3% !important;padding-bottom: 5% !important;padding-left: 3% !important;}&#8220; conditional_render=&#8220;%5B%7B%22value_role%22%3A%22administrator%22%7D%5D&#8220; css_params=&#8220;&#8220;][vc_column][vc_row_inner][vc_column_inner width=&#8220;1\/2&#8243;][vc_single_image image=&#8220;1934&#8243; img_size=&#8220;full&#8220; alignment=&#8220;right&#8220; css=&#8220;&#8220; css_params=&#8220;&#8220;][vc_column_text css=&#8220;.vc_custom_1754466519657{margin-top: -5% !important;}&#8220; css_params=&#8220;&#8220;]<img loading=\"lazy\" decoding=\"async\" class=\"alignnone wp-image-1266 size-full\" role=\"img\" src=\"https:\/\/habibis.com\/wp-content\/uploads\/2025\/01\/habibis-icon_vegetarian-EN.svg\" alt=\"\" width=\"75\" height=\"75\" \/> \u00a0<img loading=\"lazy\" decoding=\"async\" class=\"alignnone size-full wp-image-1267\" role=\"img\" src=\"https:\/\/habibis.com\/wp-content\/uploads\/2025\/01\/habibis-icon_halal.svg\" alt=\"\" width=\"75\" height=\"75\" \/>[\/vc_column_text][\/vc_column_inner][vc_column_inner width=&#8220;1\/2&#8243;][vc_column_text css=&#8220;&#8220; css_params=&#8220;&#8220;]<\/p>\n<h2 class=\"p1\">Unsere Dubai Crunchies<\/h2>\n<p>[\/vc_column_text][vc_column_text css=&#8220;&#8220; css_params=&#8220;&#8220;]<\/p>\n<p data-start=\"980\" data-end=\"1238\">Habibi\u2019s Dubai Crunchies sind das ultimative Vergn\u00fcgen f\u00fcr Liebhaber von Textur und Geschmack. Mit jedem Bissen erlebst du den befriedigenden Crunch von ger\u00f6steten Cornflakes, die nussige F\u00fclle der Pistaziencreme und die samtige S\u00fc\u00dfe von wei\u00dfer Schokolade.<\/p>\n<p data-start=\"1240\" data-end=\"1463\">Leicht und dennoch indulgent. Knusprig und gleichzeitig cremig. S\u00fc\u00df, aber ausgewogen. Ob unterwegs, zum Teilen mit Freunden oder als heimlicher Genussmoment \u2013 <strong data-start=\"1399\" data-end=\"1461\">Dubai Crunchies sind dein perfekter Augenblick der Freude.<\/strong><\/p>\n<p>[\/vc_column_text][\/vc_column_inner][\/vc_row_inner][\/vc_column][\/vc_row][vc_row full_width_css=&#8220;stretch_row_css&#8220; wrap_container=&#8220;yes&#8220; content_placement=&#8220;middle&#8220; css=&#8220;.vc_custom_1754466595462{margin-top: -3% !important;padding-top: 3% !important;padding-right: 3% !important;padding-bottom: 3% !important;padding-left: 3% !important;background-color: #361d0a !important;}&#8220; el_id=&#8220;faq&#8220; conditional_render=&#8220;%5B%7B%22value_role%22%3A%22administrator%22%7D%5D&#8220; css_params=&#8220;&#8220;][vc_column offset=&#8220;vc_col-lg-8 vc_col-md-8&#8243;][vc_column_text css=&#8220;&#8220; css_params=&#8220;&#8220;]<\/p>\n<h3 style=\"color: var(--porto-secondary-color);\">H\u00e4ufige Fragen zu Dubai Crunchies<\/h3>\n<p class=\"txtwhite\">Alles, was du schon immer \u00fcber diesen unwiderstehlichen Snack wissen wolltest:<\/p>\n<p>[\/vc_column_text][\/vc_column][vc_column animation_delay=&#8220;1600&#8243; offset=&#8220;vc_col-lg-7 vc_col-md-7&#8243; el_class=&#8220;pe-lg-5 mb-5 mb-lg-4&#8243; conditional_render=&#8220;%5B%7B%22value_role%22%3A%22administrator%22%7D%5D&#8220; css_params=&#8220;&#8220;][vc_accordion active_tab=&#8220;1&#8243; collapsible=&#8220;yes&#8220; type=&#8220;custom&#8220; size=&#8220;panel-group-lg&#8220; skin=&#8220;primary&#8220; use_accordion=&#8220;true&#8220; el_class=&#8220;faq-list&#8220;][vc_accordion_tab title=&#8220;1 \u2013 Woraus bestehen Habibi\u2019s Dubai Crunchies?&#8220;][vc_custom_heading text=&#8220;Goldene Cornflakes, \u00fcberzogen mit Pistaziencreme und umh\u00fcllt von wei\u00dfer Schokolade.&#8220; font_container=&#8220;tag:p|text_align:left|color:%23777777|line_height:26px&#8220; use_theme_fonts=&#8220;yes&#8220; el_class=&#8220;mb-0&#8243; css_params=&#8220;&#8220;][\/vc_accordion_tab][vc_accordion_tab title=&#8220;2 \u2013 Sind sie vegetarisch?&#8220;][vc_custom_heading text=&#8220;Ja, Dubai Crunchies sind 100 % f\u00fcr Vegetarier geeignet.&#8220; font_container=&#8220;tag:p|text_align:left|color:%23777777|line_height:26px&#8220; use_theme_fonts=&#8220;yes&#8220; el_class=&#8220;mb-0&#8243; css_params=&#8220;&#8220;][\/vc_accordion_tab][vc_accordion_tab title=&#8220;3 \u2013 Sind sie f\u00fcr Kinder geeignet?&#8220;][vc_custom_heading text=&#8220;Auf jeden Fall \u2013 Kinder lieben sie, und sie sind ein Spa\u00df f\u00fcr alle Altersgruppen.&#8220; font_container=&#8220;tag:p|text_align:left|color:%23777777|line_height:26px&#8220; use_theme_fonts=&#8220;yes&#8220; el_class=&#8220;mb-0&#8243; css_params=&#8220;&#8220;][\/vc_accordion_tab][\/vc_accordion][\/vc_column][vc_column width=&#8220;3\/4&#8243; animation_delay=&#8220;1500&#8243; offset=&#8220;vc_col-lg-5 vc_col-md-5 vc_col-xs-9&#8243; el_class=&#8220;floating-images ps-sm-5 mb-lg-4 mx-auto&#8220; animation_type=&#8220;fadeInRight&#8220;][vc_single_image image=&#8220;2033&#8243; img_size=&#8220;full&#8220; css=&#8220;&#8220; animation_delay=&#8220;500&#8243; floating_start_pos=&#8220;top&#8220; floating_speed=&#8220;9.8&#8243; el_class=&#8220;custom-box-shadow-1 mb-0&#8243; css_params=&#8220;&#8220;][\/vc_column][\/vc_row][vc_row disable_element=&#8220;yes&#8220; css=&#8220;.vc_custom_1754469298687{padding-top: 3% !important;padding-right: 3% !important;padding-bottom: 3% !important;padding-left: 3% !important;}&#8220; conditional_render=&#8220;%5B%7B%22value_role%22%3A%22administrator%22%7D%5D&#8220; css_params=&#8220;&#8220;][vc_column][vc_column_text css=&#8220;&#8220; css_params=&#8220;&#8220;]<\/p>\n<h2 style=\"text-align: center;\">Discover the flavors of our Dubai Chocolate Dates<\/h2>\n<p>[\/vc_column_text]<div id=\"porto-carousel-183758455569e730a153940\" class=\"porto-carousel-wrapper\" data-gutter=\"15\" data-rtl=\"false\" ><div class=\"porto-ultimate-carousel porto-carousel-83288626169e730a1538de \" >[vc_row_inner][vc_column_inner][vc_single_image image=&#8220;1922&#8243; img_size=&#8220;full&#8220; css=&#8220;&#8220; css_params=&#8220;&#8220;][vc_column_text css=&#8220;.vc_custom_1754466898984{padding-bottom: 3% !important;}&#8220; css_params=&#8220;&#8220;]<\/p>\n<p style=\"text-align: center;\"><strong><span class=\"productheadlineexplore\">Dark Chocolate<\/span><\/strong><\/p>\n<p>[\/vc_column_text][\/vc_column_inner][\/vc_row_inner][vc_row_inner][vc_column_inner][vc_single_image image=&#8220;1928&#8243; img_size=&#8220;full&#8220; css=&#8220;&#8220; css_params=&#8220;&#8220;][vc_column_text css=&#8220;.vc_custom_1754466903801{padding-bottom: 3% !important;}&#8220; css_params=&#8220;&#8220;]<\/p>\n<p style=\"text-align: center;\"><strong><span class=\"productheadlineexplore\">White Chocolate<\/span><\/strong><\/p>\n<p>[\/vc_column_text][\/vc_column_inner][\/vc_row_inner]<\/div><\/div><script type=\"text\/javascript\" id=\"ultimate-carousel\">\r\n\t(function(){\r\n\t\tvar porto_inc_slick_js = function() {\r\n\t\t\t( function( $ ) {\r\n\t\t\t\tif ( $.fn.slick ) {\r\n\t\t\t\t\t$('.porto-carousel-83288626169e730a1538de').slick({dots: true,autoplay: true,autoplaySpeed: 5000,speed: 300,infinite: true,arrows: true,nextArrow: '<button type=\"button\" role=\"button\" aria-label=\"Next\" style=\"color:#333333; font-size:20px;\" class=\"slick-next default\"><i class=\"fas fa-chevron-right\"><\/i><\/button>',prevArrow: '<button type=\"button\" role=\"button\" aria-label=\"Previous\" style=\"color:#333333; font-size:20px;\" class=\"slick-prev default\"><i class=\"fas fa-chevron-left\"><\/i><\/button>',slidesToScroll:2,slidesToShow:2,swipe: true,draggable: true,touchMove: true,pauseOnHover: true,responsive: [\r\n\t\t\t\t{\r\n\t\t\t\t  breakpoint: 1025,\r\n\t\t\t\t  settings: {\r\n\t\t\t\t\tslidesToShow: 2,\r\n\t\t\t\t\tslidesToScroll: 2,  \r\n\t\t\t\t  }\r\n\t\t\t\t},\r\n\t\t\t\t{\r\n\t\t\t\t  breakpoint: 769,\r\n\t\t\t\t  settings: {\r\n\t\t\t\t\tslidesToShow: 2,\r\n\t\t\t\t\tslidesToScroll: 2\r\n\t\t\t\t  }\r\n\t\t\t\t},\r\n\t\t\t\t{\r\n\t\t\t\t  breakpoint: 481,\r\n\t\t\t\t  settings: {\r\n\t\t\t\t\tslidesToShow: 1,\r\n\t\t\t\t\tslidesToScroll: 1\r\n\t\t\t\t  }\r\n\t\t\t\t}\r\n\t\t\t],pauseOnDotsHover: true,customPaging: function(slider, i) {\r\n\t   return '<i type=\"button\" style=\"color:#333333;\" class=\"far fa-circle\" data-role=\"none\"><\/i>';\r\n\t},});\r\n\t\t\t\t} else {\r\n\t\t\t\t\t\t\t\t}\r\n\t\t\t} )( jQuery );\r\n\t\t};\r\n\r\n\t\tif ( window.theme && theme.isLoaded ) {\r\n\t\t\tporto_inc_slick_js();\r\n\t\t} else {\r\n\t\t\twindow.addEventListener( 'load', porto_inc_slick_js );\r\n\t\t}\r\n\t})();\r\n<\/script>\r\n[\/vc_column][\/vc_row]<\/p>\n<\/div>","protected":false},"excerpt":{"rendered":"<p>[vc_row full_width_css=&#8220;stretch_row_css&#8220; wrap_container=&#8220;yes&#8220; full_height=&#8220;yes&#8220; conditional_render=&#8220;%5B%7B%22value_role%22%3A%22administrator%22%7D%5D&#8220; css_params=&#8220;&#8220; css=&#8220;.vc_custom_1754465895603{margin-top: -4% !important;background-color: #361d0a !important;background-position: center !important;background-repeat: no-repeat !important;background-size: cover !important;}&#8220;][vc_column][vc_column_text css=&#8220;.vc_custom_1754902889826{padding-top: 5% !important;}&#8220; css_params=&#8220;&#8220;] Habibi&#8217;s Dubai Crunchies [\/vc_column_text][vc_row_inner animation_delay=&#8220;1000&#8243; animation_type=&#8220;fadeInUp&#8220; css_params=&#8220;&#8220;][vc_column_inner width=&#8220;1\/6&#8243;][\/vc_column_inner][vc_column_inner width=&#8220;1\/3&#8243;][vc_raw_html css=&#8220;.vc_custom_1756305476343{margin-top: -5% !important;}&#8220; css_params=&#8220;&#8220;]JTNDaW1nJTIwY2xhc3MlM0QlMjJzaXplLWZ1bGwlMjB3cC1pbWFnZS0xMjQ3JTIwYWxpZ25ub25lJTIyJTIwcm9sZSUzRCUyMmltZyUyMiUyMHNyYyUzRCUyMmh0dHBzJTNBJTJGJTJGaGFiaWJpcy5jb20lMkZ3cC1jb250ZW50JTJGdXBsb2FkcyUyRjIwMjUlMkYwMSUyRm1hcmtlci1jLWRvd24uc3ZnJTIyJTIwYWx0JTNEJTIyJTIyJTIwd2lkdGglM0QlMjIyMiUyMiUyMGhlaWdodCUzRCUyMjU4JTIyJTIwc3R5bGUlM0QlMjJwYWRkaW5nLXRvcCUzQTI1cHglM0IlMjIlMkYlM0UlMEElM0NzcGFuJTIwY2xhc3MlM0QlMjJwcm9kdWN0ZGV0YWlsdHlwbyUyMiUzRUtudXNwcmlnZSUyMFMlQzMlQkMlQzMlOUZlJTNDJTJGc3BhbiUzRSUwQSUzQ3AlMjBjbGFzcyUzRCUyMnR4dHdoaXRlJTIyJTIwc3R5bGUlM0QlMjJwYWRkaW5nLWxlZnQlM0EyNXB4JTNCJTIyJTNFRWluJTIwdmVyc3BpZWx0ZXIlMjBNaXglMjBhdXMlMjBDcnVuY2glMkMlMjBDcmVtZSUyMHVuZCUyMFNjaG9rb2xhZGUlMjAlRTIlODAlOTMlMjBnZW1hY2h0JTJDJTIwdW0lMjB6dSUyMGJlZ2Vpc3Rlcm4uJTBBJTNDJTJGcCUzRQ==[\/vc_raw_html][\/vc_column_inner][vc_column_inner width=&#8220;1\/3&#8243;][vc_raw_html css=&#8220;.vc_custom_1756305487992{margin-top: -5% !important;}&#8220; css_params=&#8220;&#8220;]JTNDaW1nJTIwY2xhc3MlM0QlMjJzaXplLWZ1bGwlMjB3cC1pbWFnZS0xMjQ3JTIwYWxpZ25ub25lJTIyJTIwcm9sZSUzRCUyMmltZyUyMiUyMHNyYyUzRCUyMmh0dHBzJTNBJTJGJTJGaGFiaWJpcy5jb20lMkZ3cC1jb250ZW50JTJGdXBsb2FkcyUyRjIwMjUlMkYwMSUyRm1hcmtlci1jLWRvd24uc3ZnJTIyJTIwYWx0JTNEJTIyJTIyJTIwd2lkdGglM0QlMjIyMiUyMiUyMGhlaWdodCUzRCUyMjU4JTIyJTIwc3R5bGUlM0QlMjJwYWRkaW5nLXRvcCUzQTI1cHglM0IlMjIlMkYlM0UlMEElM0NzcGFuJTIwY2xhc3MlM0QlMjJwcm9kdWN0ZGV0YWlsdHlwbyUyMiUzRU9yaWdpbmFsJTIwYXVzJTIwRHViYWklM0MlMkZzcGFuJTNFJTBBJTNDcCUyMGNsYXNzJTNEJTIydHh0d2hpdGUlMjIlMjBzdHlsZSUzRCUyMnBhZGRpbmctbGVmdCUzQTI1cHglM0IlMjIlM0VNaXQlMjBMaWViZSUyMGluJTIwRHViYWklMjBoZXJnZXN0ZWxsdCUyMCVFMiU4MCU5MyUyMGVpbmUlMjBWZXJiaW5kdW5nJTIwYXVzJTIwbG9rYWxlbSUyMENoYXJtZSUyMHVuZCUyMG1vZGVybmVyJTIwQ29uZmlzZXJpZS1LdW5zdC4lM0MlMkZwJTNF[\/vc_raw_html][\/vc_column_inner][vc_column_inner width=&#8220;1\/6&#8243;][\/vc_column_inner][\/vc_row_inner][vc_row_inner][vc_column_inner width=&#8220;1\/6&#8243;][\/vc_column_inner][vc_column_inner width=&#8220;2\/3&#8243;][vc_single_image image=&#8220;2033&#8243; img_size=&#8220;full&#8220; alignment=&#8220;center&#8220; css=&#8220;&#8220; animation_delay=&#8220;1000&#8243; css_params=&#8220;&#8220; animation_type=&#8220;bounceInUp&#8220;][\/vc_column_inner][vc_column_inner width=&#8220;1\/6&#8243;][\/vc_column_inner][\/vc_row_inner][vc_row_inner animation_delay=&#8220;200&#8243; animation_type=&#8220;fadeInUp&#8220; css_params=&#8220;&#8220;][vc_column_inner width=&#8220;1\/6&#8243;][\/vc_column_inner][vc_column_inner width=&#8220;1\/3&#8243;][vc_raw_html [&hellip;]<\/p>\n","protected":false},"author":2,"featured_media":0,"parent":0,"menu_order":0,"comment_status":"closed","ping_status":"closed","template":"","meta":{"footnotes":""},"class_list":["post-2261","page","type-page","status-publish","hentry"],"yoast_head":"<!-- This site is optimized with the Yoast SEO plugin v27.1 - https:\/\/yoast.com\/product\/yoast-seo-wordpress\/ -->\n<title>Dubai Crunchies \u2013 Pistazien &amp; Schokoladen-Cornflakes-Bissen<\/title>\n<meta name=\"description\" content=\"Knusprige Cornflakes, umh\u00fcllt von Pistaziencreme und Schokolade \u2013 Habibi\u2019s Dubai Crunchies sind der perfekte knusprig-cremige Snack.\" \/>\n<meta name=\"robots\" content=\"index, follow, max-snippet:-1, max-image-preview:large, max-video-preview:-1\" \/>\n<link rel=\"canonical\" href=\"https:\/\/habibis.com\/de\/dubai-crunchies\/\" \/>\n<meta property=\"og:locale\" content=\"de_DE\" \/>\n<meta property=\"og:type\" content=\"article\" \/>\n<meta property=\"og:title\" content=\"Dubai Crunchies \u2013 Pistazien &amp; Schokoladen-Cornflakes-Bissen\" \/>\n<meta property=\"og:description\" content=\"Knusprige Cornflakes, umh\u00fcllt von Pistaziencreme und Schokolade \u2013 Habibi\u2019s Dubai Crunchies sind der perfekte knusprig-cremige Snack.\" \/>\n<meta property=\"og:url\" content=\"https:\/\/habibis.com\/de\/dubai-crunchies\/\" \/>\n<meta property=\"og:site_name\" content=\"Habibi&#039;s Sweets\" \/>\n<meta property=\"article:modified_time\" content=\"2025-08-27T14:40:46+00:00\" \/>\n<meta property=\"og:image\" content=\"https:\/\/habibis.com\/wp-content\/uploads\/2025\/01\/habibis-icon_vegetarian-EN.svg\" \/>\n<meta name=\"twitter:card\" content=\"summary_large_image\" \/>\n<meta name=\"twitter:label1\" content=\"Gesch\u00e4tzte Lesezeit\" \/>\n\t<meta name=\"twitter:data1\" content=\"4\u00a0Minuten\" \/>\n<script type=\"application\/ld+json\" class=\"yoast-schema-graph\">{\"@context\":\"https:\/\/schema.org\",\"@graph\":[{\"@type\":\"WebPage\",\"@id\":\"https:\/\/habibis.com\/de\/dubai-crunchies\/\",\"url\":\"https:\/\/habibis.com\/de\/dubai-crunchies\/\",\"name\":\"Dubai Crunchies \u2013 Pistazien & Schokoladen-Cornflakes-Bissen\",\"isPartOf\":{\"@id\":\"https:\/\/habibis.com\/de\/#website\"},\"primaryImageOfPage\":{\"@id\":\"https:\/\/habibis.com\/de\/dubai-crunchies\/#primaryimage\"},\"image\":{\"@id\":\"https:\/\/habibis.com\/de\/dubai-crunchies\/#primaryimage\"},\"thumbnailUrl\":\"https:\/\/habibis.com\/wp-content\/uploads\/2025\/01\/habibis-icon_vegetarian-EN.svg\",\"datePublished\":\"2025-08-06T08:24:54+00:00\",\"dateModified\":\"2025-08-27T14:40:46+00:00\",\"description\":\"Knusprige Cornflakes, umh\u00fcllt von Pistaziencreme und Schokolade \u2013 Habibi\u2019s Dubai Crunchies sind der perfekte knusprig-cremige Snack.\",\"breadcrumb\":{\"@id\":\"https:\/\/habibis.com\/de\/dubai-crunchies\/#breadcrumb\"},\"inLanguage\":\"de\",\"potentialAction\":[{\"@type\":\"ReadAction\",\"target\":[\"https:\/\/habibis.com\/de\/dubai-crunchies\/\"]}]},{\"@type\":\"ImageObject\",\"inLanguage\":\"de\",\"@id\":\"https:\/\/habibis.com\/de\/dubai-crunchies\/#primaryimage\",\"url\":\"https:\/\/habibis.com\/wp-content\/uploads\/2025\/01\/habibis-icon_vegetarian-EN.svg\",\"contentUrl\":\"https:\/\/habibis.com\/wp-content\/uploads\/2025\/01\/habibis-icon_vegetarian-EN.svg\"},{\"@type\":\"BreadcrumbList\",\"@id\":\"https:\/\/habibis.com\/de\/dubai-crunchies\/#breadcrumb\",\"itemListElement\":[{\"@type\":\"ListItem\",\"position\":1,\"name\":\"Home\",\"item\":\"https:\/\/habibis.com\/de\/\"},{\"@type\":\"ListItem\",\"position\":2,\"name\":\"Dubai Crunchies\"}]},{\"@type\":\"WebSite\",\"@id\":\"https:\/\/habibis.com\/de\/#website\",\"url\":\"https:\/\/habibis.com\/de\/\",\"name\":\"Habibi's Sweets\",\"description\":\"\",\"publisher\":{\"@id\":\"https:\/\/habibis.com\/de\/#organization\"},\"potentialAction\":[{\"@type\":\"SearchAction\",\"target\":{\"@type\":\"EntryPoint\",\"urlTemplate\":\"https:\/\/habibis.com\/de\/?s={search_term_string}\"},\"query-input\":{\"@type\":\"PropertyValueSpecification\",\"valueRequired\":true,\"valueName\":\"search_term_string\"}}],\"inLanguage\":\"de\"},{\"@type\":\"Organization\",\"@id\":\"https:\/\/habibis.com\/de\/#organization\",\"name\":\"Habibi's Sweets\",\"url\":\"https:\/\/habibis.com\/de\/\",\"logo\":{\"@type\":\"ImageObject\",\"inLanguage\":\"de\",\"@id\":\"https:\/\/habibis.com\/de\/#\/schema\/logo\/image\/\",\"url\":\"https:\/\/habibis.com\/wp-content\/uploads\/2025\/02\/Logo-Habibis-q.png\",\"contentUrl\":\"https:\/\/habibis.com\/wp-content\/uploads\/2025\/02\/Logo-Habibis-q.png\",\"width\":300,\"height\":300,\"caption\":\"Habibi's Sweets\"},\"image\":{\"@id\":\"https:\/\/habibis.com\/de\/#\/schema\/logo\/image\/\"}}]}<\/script>\n<!-- \/ Yoast SEO plugin. -->","yoast_head_json":{"title":"Dubai Crunchies \u2013 Pistazien & Schokoladen-Cornflakes-Bissen","description":"Knusprige Cornflakes, umh\u00fcllt von Pistaziencreme und Schokolade \u2013 Habibi\u2019s Dubai Crunchies sind der perfekte knusprig-cremige Snack.","robots":{"index":"index","follow":"follow","max-snippet":"max-snippet:-1","max-image-preview":"max-image-preview:large","max-video-preview":"max-video-preview:-1"},"canonical":"https:\/\/habibis.com\/de\/dubai-crunchies\/","og_locale":"de_DE","og_type":"article","og_title":"Dubai Crunchies \u2013 Pistazien & Schokoladen-Cornflakes-Bissen","og_description":"Knusprige Cornflakes, umh\u00fcllt von Pistaziencreme und Schokolade \u2013 Habibi\u2019s Dubai Crunchies sind der perfekte knusprig-cremige Snack.","og_url":"https:\/\/habibis.com\/de\/dubai-crunchies\/","og_site_name":"Habibi&#039;s Sweets","article_modified_time":"2025-08-27T14:40:46+00:00","og_image":[{"url":"https:\/\/habibis.com\/wp-content\/uploads\/2025\/01\/habibis-icon_vegetarian-EN.svg","type":"","width":"","height":""}],"twitter_card":"summary_large_image","twitter_misc":{"Gesch\u00e4tzte Lesezeit":"4\u00a0Minuten"},"schema":{"@context":"https:\/\/schema.org","@graph":[{"@type":"WebPage","@id":"https:\/\/habibis.com\/de\/dubai-crunchies\/","url":"https:\/\/habibis.com\/de\/dubai-crunchies\/","name":"Dubai Crunchies \u2013 Pistazien & Schokoladen-Cornflakes-Bissen","isPartOf":{"@id":"https:\/\/habibis.com\/de\/#website"},"primaryImageOfPage":{"@id":"https:\/\/habibis.com\/de\/dubai-crunchies\/#primaryimage"},"image":{"@id":"https:\/\/habibis.com\/de\/dubai-crunchies\/#primaryimage"},"thumbnailUrl":"https:\/\/habibis.com\/wp-content\/uploads\/2025\/01\/habibis-icon_vegetarian-EN.svg","datePublished":"2025-08-06T08:24:54+00:00","dateModified":"2025-08-27T14:40:46+00:00","description":"Knusprige Cornflakes, umh\u00fcllt von Pistaziencreme und Schokolade \u2013 Habibi\u2019s Dubai Crunchies sind der perfekte knusprig-cremige Snack.","breadcrumb":{"@id":"https:\/\/habibis.com\/de\/dubai-crunchies\/#breadcrumb"},"inLanguage":"de","potentialAction":[{"@type":"ReadAction","target":["https:\/\/habibis.com\/de\/dubai-crunchies\/"]}]},{"@type":"ImageObject","inLanguage":"de","@id":"https:\/\/habibis.com\/de\/dubai-crunchies\/#primaryimage","url":"https:\/\/habibis.com\/wp-content\/uploads\/2025\/01\/habibis-icon_vegetarian-EN.svg","contentUrl":"https:\/\/habibis.com\/wp-content\/uploads\/2025\/01\/habibis-icon_vegetarian-EN.svg"},{"@type":"BreadcrumbList","@id":"https:\/\/habibis.com\/de\/dubai-crunchies\/#breadcrumb","itemListElement":[{"@type":"ListItem","position":1,"name":"Home","item":"https:\/\/habibis.com\/de\/"},{"@type":"ListItem","position":2,"name":"Dubai Crunchies"}]},{"@type":"WebSite","@id":"https:\/\/habibis.com\/de\/#website","url":"https:\/\/habibis.com\/de\/","name":"Habibi's Sweets","description":"","publisher":{"@id":"https:\/\/habibis.com\/de\/#organization"},"potentialAction":[{"@type":"SearchAction","target":{"@type":"EntryPoint","urlTemplate":"https:\/\/habibis.com\/de\/?s={search_term_string}"},"query-input":{"@type":"PropertyValueSpecification","valueRequired":true,"valueName":"search_term_string"}}],"inLanguage":"de"},{"@type":"Organization","@id":"https:\/\/habibis.com\/de\/#organization","name":"Habibi's Sweets","url":"https:\/\/habibis.com\/de\/","logo":{"@type":"ImageObject","inLanguage":"de","@id":"https:\/\/habibis.com\/de\/#\/schema\/logo\/image\/","url":"https:\/\/habibis.com\/wp-content\/uploads\/2025\/02\/Logo-Habibis-q.png","contentUrl":"https:\/\/habibis.com\/wp-content\/uploads\/2025\/02\/Logo-Habibis-q.png","width":300,"height":300,"caption":"Habibi's Sweets"},"image":{"@id":"https:\/\/habibis.com\/de\/#\/schema\/logo\/image\/"}}]}},"_links":{"self":[{"href":"https:\/\/habibis.com\/de\/wp-json\/wp\/v2\/pages\/2261","targetHints":{"allow":["GET"]}}],"collection":[{"href":"https:\/\/habibis.com\/de\/wp-json\/wp\/v2\/pages"}],"about":[{"href":"https:\/\/habibis.com\/de\/wp-json\/wp\/v2\/types\/page"}],"author":[{"embeddable":true,"href":"https:\/\/habibis.com\/de\/wp-json\/wp\/v2\/users\/2"}],"replies":[{"embeddable":true,"href":"https:\/\/habibis.com\/de\/wp-json\/wp\/v2\/comments?post=2261"}],"version-history":[{"count":2,"href":"https:\/\/habibis.com\/de\/wp-json\/wp\/v2\/pages\/2261\/revisions"}],"predecessor-version":[{"id":2262,"href":"https:\/\/habibis.com\/de\/wp-json\/wp\/v2\/pages\/2261\/revisions\/2262"}],"wp:attachment":[{"href":"https:\/\/habibis.com\/de\/wp-json\/wp\/v2\/media?parent=2261"}],"curies":[{"name":"wp","href":"https:\/\/api.w.org\/{rel}","templated":true}]}}