{"id":2005,"date":"2025-08-06T10:18:57","date_gmt":"2025-08-06T08:18:57","guid":{"rendered":"https:\/\/habibis.com\/?page_id=2005"},"modified":"2025-08-27T16:55:02","modified_gmt":"2025-08-27T14:55:02","slug":"dubai-dip","status":"publish","type":"page","link":"https:\/\/habibis.com\/de\/dubai-dip\/","title":{"rendered":"Dubai Dip"},"content":{"rendered":"<div class=\"wpb-content-wrapper\"><p>[vc_row full_width_css=&#8220;stretch_row_css&#8220; wrap_container=&#8220;yes&#8220; full_height=&#8220;yes&#8220; conditional_render=&#8220;%5B%7B%22value_role%22%3A%22administrator%22%7D%5D&#8220; css_params=&#8220;&#8220; css=&#8220;.vc_custom_1754465895603{margin-top: -4% !important;background-color: #361d0a !important;background-position: center !important;background-repeat: no-repeat !important;background-size: cover !important;}&#8220;][vc_column][vc_column_text css=&#8220;.vc_custom_1756306299594{padding-top: 5% !important;}&#8220; css_params=&#8220;&#8220;]<\/p>\n<h1 style=\"text-align: center; color: var(--porto-secondary-color);\">Habibi&#8217;s Dubai Dip<\/h1>\n<p>[\/vc_column_text][vc_row_inner animation_delay=&#8220;1000&#8243; animation_type=&#8220;fadeInUp&#8220; css_params=&#8220;&#8220;][vc_column_inner width=&#8220;1\/6&#8243;][\/vc_column_inner][vc_column_inner width=&#8220;1\/3&#8243;][vc_raw_html css=&#8220;.vc_custom_1756306313472{margin-top: -5% !important;}&#8220; css_params=&#8220;&#8220;]JTNDaW1nJTIwY2xhc3MlM0QlMjJzaXplLWZ1bGwlMjB3cC1pbWFnZS0xMjQ3JTIwYWxpZ25ub25lJTIyJTIwcm9sZSUzRCUyMmltZyUyMiUyMHNyYyUzRCUyMmh0dHBzJTNBJTJGJTJGaGFiaWJpcy5jb20lMkZ3cC1jb250ZW50JTJGdXBsb2FkcyUyRjIwMjUlMkYwMSUyRm1hcmtlci1jLWRvd24uc3ZnJTIyJTIwYWx0JTNEJTIyJTIyJTIwd2lkdGglM0QlMjIyMiUyMiUyMGhlaWdodCUzRCUyMjU4JTIyJTIwc3R5bGUlM0QlMjJwYWRkaW5nLXRvcCUzQTI1cHglM0IlMjIlMkYlM0UlMEElM0NzcGFuJTIwY2xhc3MlM0QlMjJwcm9kdWN0ZGV0YWlsdHlwbyUyMiUzRVNpbm5saWNoZXMlMjBFcmxlYm5pcyUzQyUyRnNwYW4lM0UlMEElM0NwJTIwY2xhc3MlM0QlMjJ0eHR3aGl0ZSUyMiUzRURlciUyMGdvbGRlbmUlMjBDcnVuY2glMjB2b24lMjBCcm90c3RpY2tzJTIwdHJpZmZ0JTIwYXVmJTIwZGllJTIwZ2xhdHRlJTJDJTIwbnVzc2lnZSUyMENyZW1pZ2tlaXQlMjBkZXIlMjBQaXN0YXppZSUyMCVFMiU4MCU5MyUyMGVpbiUyMGJlZnJpZWRpZ2VuZGVyJTIwS29udHJhc3QlMkMlMjBkZXIlMjBkaWUlMjBTaW5uZSUyMGJlbGVidC4lM0MlMkZwJTNF[\/vc_raw_html][\/vc_column_inner][vc_column_inner width=&#8220;1\/3&#8243;][vc_raw_html css=&#8220;.vc_custom_1756306500887{margin-top: -5% !important;}&#8220; css_params=&#8220;&#8220;]JTNDaW1nJTIwY2xhc3MlM0QlMjJzaXplLWZ1bGwlMjB3cC1pbWFnZS0xMjQ3JTIwYWxpZ25ub25lJTIyJTIwcm9sZSUzRCUyMmltZyUyMiUyMHNyYyUzRCUyMmh0dHBzJTNBJTJGJTJGaGFiaWJpcy5jb20lMkZ3cC1jb250ZW50JTJGdXBsb2FkcyUyRjIwMjUlMkYwMSUyRm1hcmtlci1jLWRvd24uc3ZnJTIyJTIwYWx0JTNEJTIyJTIyJTIwd2lkdGglM0QlMjIyMiUyMiUyMGhlaWdodCUzRCUyMjU4JTIyJTIwc3R5bGUlM0QlMjJwYWRkaW5nLXRvcCUzQTI1cHglM0IlMjIlMkYlM0UlMEElM0NzcGFuJTIwY2xhc3MlM0QlMjJwcm9kdWN0ZGV0YWlsdHlwbyUyMiUzRUxlY2tlcmVyJTIwR2VzY2htYWNrJTNDJTJGc3BhbiUzRSUwQSUzQ3AlMjBjbGFzcyUzRCUyMnR4dHdoaXRlJTIyJTIwc3R5bGUlM0QlMjJwYWRkaW5nLWxlZnQlM0EyNXB4JTNCJTIyJTNFS251c3ByaWclMjBnZWJhY2tlbmUlMjBCcm90c3RpY2tzJTIwa29tYmluaWVydCUyMG1pdCUyMEhhYmliaSVFMiU4MCU5OXMlMjByZWljaGhhbHRpZ2VyJTJDJTIwc2FtdGlnZXIlMjBQaXN0YXppZW5jcmVtZSUyMCVFMiU4MCU5MyUyMGRpZSUyMHBlcmZla3RlJTIwQmFsYW5jZSUyMGF1cyUyMFRleHR1ciUyMHVuZCUyMEdlc2NobWFjay4lM0MlMkZwJTNF[\/vc_raw_html][\/vc_column_inner][vc_column_inner width=&#8220;1\/6&#8243;][\/vc_column_inner][\/vc_row_inner][vc_row_inner][vc_column_inner width=&#8220;1\/6&#8243;][\/vc_column_inner][vc_column_inner width=&#8220;2\/3&#8243;][vc_single_image image=&#8220;2007&#8243; img_size=&#8220;full&#8220; alignment=&#8220;center&#8220; css=&#8220;&#8220; animation_delay=&#8220;1000&#8243; css_params=&#8220;&#8220; animation_type=&#8220;bounceInUp&#8220;][\/vc_column_inner][vc_column_inner width=&#8220;1\/6&#8243;][\/vc_column_inner][\/vc_row_inner][vc_row_inner animation_delay=&#8220;200&#8243; animation_type=&#8220;fadeInUp&#8220; css_params=&#8220;&#8220;][vc_column_inner width=&#8220;1\/6&#8243;][\/vc_column_inner][vc_column_inner width=&#8220;1\/3&#8243;][vc_raw_html css=&#8220;.vc_custom_1756306338026{margin-top: -5% !important;}&#8220; css_params=&#8220;&#8220;]JTNDaW1nJTIwY2xhc3MlM0QlMjJzaXplLWZ1bGwlMjB3cC1pbWFnZS0xMjQ3JTIwYWxpZ25ub25lJTIyJTIwcm9sZSUzRCUyMmltZyUyMiUyMHNyYyUzRCUyMmh0dHBzJTNBJTJGJTJGaGFiaWJpcy5jb20lMkZ3cC1jb250ZW50JTJGdXBsb2FkcyUyRjIwMjUlMkYwMSUyRm1hcmtlci1jLXVwLnN2ZyUyMiUyMGFsdCUzRCUyMiUyMiUyMHdpZHRoJTNEJTIyMjIlMjIlMjBoZWlnaHQlM0QlMjI1OCUyMiUyMCUyRiUzRSUwQSUzQ3NwYW4lMjBjbGFzcyUzRCUyMnByb2R1Y3RkZXRhaWx0eXBvJTIyJTNFTWFkZSUyMGluJTIwRHViYWklM0MlMkZzcGFuJTNFJTBBJTNDcCUyMGNsYXNzJTNEJTIydHh0d2hpdGUlMjIlM0VNaXQlMjBMaWViZSUyMGluJTIwRHViYWklMjBoZXJnZXN0ZWxsdCUyMCVFMiU4MCU5MyUyMHdvJTIwa3VsaW5hcmlzY2hlJTIwVHJhZGl0aW9uJTIwYXVmJTIwbW9kZXJuZSUyMFNuYWNra3VsdHVyJTIwdHJpZmZ0LiUzQyUyRnAlM0U=[\/vc_raw_html][\/vc_column_inner][vc_column_inner width=&#8220;1\/3&#8243;][vc_raw_html css=&#8220;.vc_custom_1756306353954{margin-top: -5% !important;}&#8220; css_params=&#8220;&#8220;]JTNDaW1nJTIwY2xhc3MlM0QlMjJzaXplLWZ1bGwlMjB3cC1pbWFnZS0xMjQ3JTIwYWxpZ25ub25lJTIyJTIwcm9sZSUzRCUyMmltZyUyMiUyMHNyYyUzRCUyMmh0dHBzJTNBJTJGJTJGaGFiaWJpcy5jb20lMkZ3cC1jb250ZW50JTJGdXBsb2FkcyUyRjIwMjUlMkYwMSUyRm1hcmtlci1jLXVwLnN2ZyUyMiUyMGFsdCUzRCUyMiUyMiUyMHdpZHRoJTNEJTIyMjIlMjIlMjBoZWlnaHQlM0QlMjI1OCUyMiUyMCUyRiUzRSUwQSUzQ3NwYW4lMjBjbGFzcyUzRCUyMnByb2R1Y3RkZXRhaWx0eXBvJTIyJTNFUGlzdGF6aWVuLUdlbnVzcyUzQyUyRnNwYW4lM0UlMEElM0NwJTIwY2xhc3MlM0QlMjJ0eHR3aGl0ZSUyMiUyMHN0eWxlJTNEJTIycGFkZGluZy1sZWZ0JTNBMjVweCUzQiUyMiUzRUVpbiUyMG1vZGVybmVyJTIwVHdpc3QlMjBmJUMzJUJDciUyMFNuYWNrcyUyMCVFMiU4MCU5MyUyMGNyZW1pZyUyQyUyMGtudXNwcmlnJTIwdW5kJTIwdW53aWRlcnN0ZWhsaWNoLiUwQSUzQyUyRnAlM0U=[\/vc_raw_html][\/vc_column_inner][vc_column_inner width=&#8220;1\/6&#8243;][\/vc_column_inner][\/vc_row_inner][\/vc_column][\/vc_row][vc_row css=&#8220;.vc_custom_1737015246283{padding-top: 5% !important;padding-right: 3% !important;padding-bottom: 5% !important;padding-left: 3% !important;}&#8220; conditional_render=&#8220;%5B%7B%22value_role%22%3A%22administrator%22%7D%5D&#8220; css_params=&#8220;&#8220;][vc_column][vc_row_inner][vc_column_inner width=&#8220;1\/2&#8243;][vc_single_image image=&#8220;1931&#8243; img_size=&#8220;full&#8220; alignment=&#8220;right&#8220; css=&#8220;&#8220; css_params=&#8220;&#8220;][vc_column_text css=&#8220;.vc_custom_1754468031229{margin-top: -5% !important;}&#8220; css_params=&#8220;&#8220; el_class=&#8220;hidden&#8220;]<img loading=\"lazy\" decoding=\"async\" class=\"alignnone wp-image-1266 size-full\" role=\"img\" src=\"https:\/\/habibis.com\/wp-content\/uploads\/2025\/01\/habibis-icon_vegetarian-EN.svg\" alt=\"\" width=\"75\" height=\"75\" \/> \u00a0<img loading=\"lazy\" decoding=\"async\" class=\"alignnone size-full wp-image-1267\" role=\"img\" src=\"https:\/\/habibis.com\/wp-content\/uploads\/2025\/01\/habibis-icon_halal.svg\" alt=\"\" width=\"75\" height=\"75\" \/>[\/vc_column_text][\/vc_column_inner][vc_column_inner width=&#8220;1\/2&#8243;][vc_column_text css=&#8220;&#8220; css_params=&#8220;&#8220;]<\/p>\n<h2 class=\"p1\">Unser Dubai Dip<\/h2>\n<p>[\/vc_column_text][vc_column_text css=&#8220;&#8220; css_params=&#8220;&#8220;]<\/p>\n<p data-start=\"1049\" data-end=\"1325\">Habibi\u2019s Dubai Dip ist mehr als nur ein Snack \u2013 er ist eine kleine Auszeit voller Geschmack. F\u00fcr alle, die sowohl Crunch als auch Creme lieben, enth\u00e4lt dieses praktische To-go-Format knusprig gebackene Brotsticks und ein separates Fach mit unserer luxuri\u00f6sen Pistaziencreme.<\/p>\n<p data-start=\"1327\" data-end=\"1488\">Ob im B\u00fcro, auf Reisen oder einfach f\u00fcr dich selbst \u2013 der Dubai Dip liefert Genuss pur in jedem Bissen. <strong data-start=\"1431\" data-end=\"1486\">Handlich, verspielt und mit Liebe in Dubai gemacht.<\/strong><\/p>\n<p>[\/vc_column_text][\/vc_column_inner][\/vc_row_inner][\/vc_column][\/vc_row][vc_row full_width_css=&#8220;stretch_row_css&#8220; wrap_container=&#8220;yes&#8220; content_placement=&#8220;middle&#8220; css=&#8220;.vc_custom_1754466595462{margin-top: -3% !important;padding-top: 3% !important;padding-right: 3% !important;padding-bottom: 3% !important;padding-left: 3% !important;background-color: #361d0a !important;}&#8220; el_id=&#8220;faq&#8220; conditional_render=&#8220;%5B%7B%22value_role%22%3A%22administrator%22%7D%5D&#8220; css_params=&#8220;&#8220;][vc_column offset=&#8220;vc_col-lg-8 vc_col-md-8&#8243;][vc_column_text css=&#8220;&#8220; css_params=&#8220;&#8220;]<\/p>\n<h3 style=\"color: var(--porto-secondary-color);\">H\u00e4ufige Fragen zum Habibi\u2019s Dubai Dip<\/h3>\n<p class=\"txtwhite\">Alles, was du schon immer \u00fcber diesen unwiderstehlichen Snack wissen wolltest:<\/p>\n<p>[\/vc_column_text][\/vc_column][vc_column animation_delay=&#8220;1600&#8243; offset=&#8220;vc_col-lg-7 vc_col-md-7&#8243; el_class=&#8220;pe-lg-5 mb-5 mb-lg-4&#8243; conditional_render=&#8220;%5B%7B%22value_role%22%3A%22administrator%22%7D%5D&#8220; css_params=&#8220;&#8220;][vc_accordion active_tab=&#8220;1&#8243; collapsible=&#8220;yes&#8220; type=&#8220;custom&#8220; size=&#8220;panel-group-lg&#8220; skin=&#8220;primary&#8220; use_accordion=&#8220;true&#8220; el_class=&#8220;faq-list&#8220;][vc_accordion_tab title=&#8220;1 \u2013 Was ist Habibi\u2019s Dubai Dip?&#8220;][vc_custom_heading text=&#8220;Ein praktischer Snackpack mit knusprigen Brotsticks und cremiger Pistaziencreme \u2013 perfekt zum Dippen unterwegs.&#8220; font_container=&#8220;tag:p|text_align:left|color:%23777777|line_height:26px&#8220; use_theme_fonts=&#8220;yes&#8220; el_class=&#8220;mb-0&#8243; css_params=&#8220;&#8220;][\/vc_accordion_tab][vc_accordion_tab title=&#8220;2 \u2013 Wird die Pistaziencreme in Dubai hergestellt?&#8220;][vc_custom_heading text=&#8220;Ja, die Creme wird in Dubai aus Premium-Zutaten hergestellt.&#8220; font_container=&#8220;tag:p|text_align:left|color:%23777777|line_height:26px&#8220; use_theme_fonts=&#8220;yes&#8220; el_class=&#8220;mb-0&#8243; css_params=&#8220;&#8220;][\/vc_accordion_tab][vc_accordion_tab title=&#8220;3 \u2013 Ist der Snack vegetarisch?&#8220;][vc_custom_heading text=&#8220;Absolut! Dubai Dip ist zu 100 % vegetarisch.&#8220; font_container=&#8220;tag:p|text_align:left|color:%23777777|line_height:26px&#8220; use_theme_fonts=&#8220;yes&#8220; el_class=&#8220;mb-0&#8243; css_params=&#8220;&#8220;][\/vc_accordion_tab][vc_accordion_tab title=&#8220;4 \u2013 Wo kann ich ihn kaufen?&#8220;][vc_custom_heading text=&#8220;Online und bei ausgew\u00e4hlten Handelspartnern.&#8220; font_container=&#8220;tag:p|text_align:left|color:%23777777|line_height:26px&#8220; use_theme_fonts=&#8220;yes&#8220; el_class=&#8220;mb-0&#8243; css_params=&#8220;&#8220;][\/vc_accordion_tab][\/vc_accordion][\/vc_column][vc_column width=&#8220;3\/4&#8243; animation_delay=&#8220;1500&#8243; offset=&#8220;vc_col-lg-5 vc_col-md-5 vc_col-xs-9&#8243; el_class=&#8220;floating-images ps-sm-5 mb-lg-4 mx-auto&#8220; animation_type=&#8220;fadeInRight&#8220;][vc_single_image image=&#8220;2007&#8243; img_size=&#8220;full&#8220; css=&#8220;&#8220; animation_delay=&#8220;500&#8243; floating_start_pos=&#8220;top&#8220; floating_speed=&#8220;9.8&#8243; el_class=&#8220;custom-box-shadow-1 mb-0&#8243; css_params=&#8220;&#8220;][\/vc_column][\/vc_row][vc_row disable_element=&#8220;yes&#8220; css=&#8220;.vc_custom_1754468066480{padding-top: 3% !important;padding-right: 3% !important;padding-bottom: 3% !important;padding-left: 3% !important;}&#8220; conditional_render=&#8220;%5B%7B%22value_role%22%3A%22administrator%22%7D%5D&#8220; css_params=&#8220;&#8220;][vc_column][vc_column_text css=&#8220;&#8220; css_params=&#8220;&#8220;]<\/p>\n<h2 style=\"text-align: center;\">Discover the flavors of our Dubai Chocolate Dates<\/h2>\n<p>[\/vc_column_text]<div id=\"porto-carousel-23138477869e74a13e2286\" class=\"porto-carousel-wrapper\" data-gutter=\"15\" data-rtl=\"false\" ><div class=\"porto-ultimate-carousel porto-carousel-76713819769e74a13e2228 \" >[vc_row_inner][vc_column_inner][vc_single_image image=&#8220;1922&#8243; img_size=&#8220;full&#8220; css=&#8220;&#8220; css_params=&#8220;&#8220;][vc_column_text css=&#8220;.vc_custom_1754466898984{padding-bottom: 3% !important;}&#8220; css_params=&#8220;&#8220;]<\/p>\n<p style=\"text-align: center;\"><strong><span class=\"productheadlineexplore\">Dark Chocolate<\/span><\/strong><\/p>\n<p>[\/vc_column_text][\/vc_column_inner][\/vc_row_inner][vc_row_inner][vc_column_inner][vc_single_image image=&#8220;1928&#8243; img_size=&#8220;full&#8220; css=&#8220;&#8220; css_params=&#8220;&#8220;][vc_column_text css=&#8220;.vc_custom_1754466903801{padding-bottom: 3% !important;}&#8220; css_params=&#8220;&#8220;]<\/p>\n<p style=\"text-align: center;\"><strong><span class=\"productheadlineexplore\">White Chocolate<\/span><\/strong><\/p>\n<p>[\/vc_column_text][\/vc_column_inner][\/vc_row_inner]<\/div><\/div><script type=\"text\/javascript\" id=\"ultimate-carousel\">\r\n\t(function(){\r\n\t\tvar porto_inc_slick_js = function() {\r\n\t\t\t( function( $ ) {\r\n\t\t\t\tif ( $.fn.slick ) {\r\n\t\t\t\t\t$('.porto-carousel-76713819769e74a13e2228').slick({dots: true,autoplay: true,autoplaySpeed: 5000,speed: 300,infinite: true,arrows: true,nextArrow: '<button type=\"button\" role=\"button\" aria-label=\"Next\" style=\"color:#333333; font-size:20px;\" class=\"slick-next default\"><i class=\"fas fa-chevron-right\"><\/i><\/button>',prevArrow: '<button type=\"button\" role=\"button\" aria-label=\"Previous\" style=\"color:#333333; font-size:20px;\" class=\"slick-prev default\"><i class=\"fas fa-chevron-left\"><\/i><\/button>',slidesToScroll:2,slidesToShow:2,swipe: true,draggable: true,touchMove: true,pauseOnHover: true,responsive: [\r\n\t\t\t\t{\r\n\t\t\t\t  breakpoint: 1025,\r\n\t\t\t\t  settings: {\r\n\t\t\t\t\tslidesToShow: 2,\r\n\t\t\t\t\tslidesToScroll: 2,  \r\n\t\t\t\t  }\r\n\t\t\t\t},\r\n\t\t\t\t{\r\n\t\t\t\t  breakpoint: 769,\r\n\t\t\t\t  settings: {\r\n\t\t\t\t\tslidesToShow: 2,\r\n\t\t\t\t\tslidesToScroll: 2\r\n\t\t\t\t  }\r\n\t\t\t\t},\r\n\t\t\t\t{\r\n\t\t\t\t  breakpoint: 481,\r\n\t\t\t\t  settings: {\r\n\t\t\t\t\tslidesToShow: 1,\r\n\t\t\t\t\tslidesToScroll: 1\r\n\t\t\t\t  }\r\n\t\t\t\t}\r\n\t\t\t],pauseOnDotsHover: true,customPaging: function(slider, i) {\r\n\t   return '<i type=\"button\" style=\"color:#333333;\" class=\"far fa-circle\" data-role=\"none\"><\/i>';\r\n\t},});\r\n\t\t\t\t} else {\r\n\t\t\t\t\t\t\t\t}\r\n\t\t\t} )( jQuery );\r\n\t\t};\r\n\r\n\t\tif ( window.theme && theme.isLoaded ) {\r\n\t\t\tporto_inc_slick_js();\r\n\t\t} else {\r\n\t\t\twindow.addEventListener( 'load', porto_inc_slick_js );\r\n\t\t}\r\n\t})();\r\n<\/script>\r\n[\/vc_column][\/vc_row]<\/p>\n<\/div>","protected":false},"excerpt":{"rendered":"<p>[vc_row full_width_css=&#8220;stretch_row_css&#8220; wrap_container=&#8220;yes&#8220; full_height=&#8220;yes&#8220; conditional_render=&#8220;%5B%7B%22value_role%22%3A%22administrator%22%7D%5D&#8220; css_params=&#8220;&#8220; css=&#8220;.vc_custom_1754465895603{margin-top: -4% !important;background-color: #361d0a !important;background-position: center !important;background-repeat: no-repeat !important;background-size: cover !important;}&#8220;][vc_column][vc_column_text css=&#8220;.vc_custom_1756306299594{padding-top: 5% !important;}&#8220; css_params=&#8220;&#8220;] Habibi&#8217;s Dubai Dip [\/vc_column_text][vc_row_inner animation_delay=&#8220;1000&#8243; animation_type=&#8220;fadeInUp&#8220; css_params=&#8220;&#8220;][vc_column_inner width=&#8220;1\/6&#8243;][\/vc_column_inner][vc_column_inner width=&#8220;1\/3&#8243;][vc_raw_html css=&#8220;.vc_custom_1756306313472{margin-top: -5% !important;}&#8220; css_params=&#8220;&#8220;]JTNDaW1nJTIwY2xhc3MlM0QlMjJzaXplLWZ1bGwlMjB3cC1pbWFnZS0xMjQ3JTIwYWxpZ25ub25lJTIyJTIwcm9sZSUzRCUyMmltZyUyMiUyMHNyYyUzRCUyMmh0dHBzJTNBJTJGJTJGaGFiaWJpcy5jb20lMkZ3cC1jb250ZW50JTJGdXBsb2FkcyUyRjIwMjUlMkYwMSUyRm1hcmtlci1jLWRvd24uc3ZnJTIyJTIwYWx0JTNEJTIyJTIyJTIwd2lkdGglM0QlMjIyMiUyMiUyMGhlaWdodCUzRCUyMjU4JTIyJTIwc3R5bGUlM0QlMjJwYWRkaW5nLXRvcCUzQTI1cHglM0IlMjIlMkYlM0UlMEElM0NzcGFuJTIwY2xhc3MlM0QlMjJwcm9kdWN0ZGV0YWlsdHlwbyUyMiUzRVNpbm5saWNoZXMlMjBFcmxlYm5pcyUzQyUyRnNwYW4lM0UlMEElM0NwJTIwY2xhc3MlM0QlMjJ0eHR3aGl0ZSUyMiUzRURlciUyMGdvbGRlbmUlMjBDcnVuY2glMjB2b24lMjBCcm90c3RpY2tzJTIwdHJpZmZ0JTIwYXVmJTIwZGllJTIwZ2xhdHRlJTJDJTIwbnVzc2lnZSUyMENyZW1pZ2tlaXQlMjBkZXIlMjBQaXN0YXppZSUyMCVFMiU4MCU5MyUyMGVpbiUyMGJlZnJpZWRpZ2VuZGVyJTIwS29udHJhc3QlMkMlMjBkZXIlMjBkaWUlMjBTaW5uZSUyMGJlbGVidC4lM0MlMkZwJTNF[\/vc_raw_html][\/vc_column_inner][vc_column_inner width=&#8220;1\/3&#8243;][vc_raw_html css=&#8220;.vc_custom_1756306500887{margin-top: -5% !important;}&#8220; css_params=&#8220;&#8220;]JTNDaW1nJTIwY2xhc3MlM0QlMjJzaXplLWZ1bGwlMjB3cC1pbWFnZS0xMjQ3JTIwYWxpZ25ub25lJTIyJTIwcm9sZSUzRCUyMmltZyUyMiUyMHNyYyUzRCUyMmh0dHBzJTNBJTJGJTJGaGFiaWJpcy5jb20lMkZ3cC1jb250ZW50JTJGdXBsb2FkcyUyRjIwMjUlMkYwMSUyRm1hcmtlci1jLWRvd24uc3ZnJTIyJTIwYWx0JTNEJTIyJTIyJTIwd2lkdGglM0QlMjIyMiUyMiUyMGhlaWdodCUzRCUyMjU4JTIyJTIwc3R5bGUlM0QlMjJwYWRkaW5nLXRvcCUzQTI1cHglM0IlMjIlMkYlM0UlMEElM0NzcGFuJTIwY2xhc3MlM0QlMjJwcm9kdWN0ZGV0YWlsdHlwbyUyMiUzRUxlY2tlcmVyJTIwR2VzY2htYWNrJTNDJTJGc3BhbiUzRSUwQSUzQ3AlMjBjbGFzcyUzRCUyMnR4dHdoaXRlJTIyJTIwc3R5bGUlM0QlMjJwYWRkaW5nLWxlZnQlM0EyNXB4JTNCJTIyJTNFS251c3ByaWclMjBnZWJhY2tlbmUlMjBCcm90c3RpY2tzJTIwa29tYmluaWVydCUyMG1pdCUyMEhhYmliaSVFMiU4MCU5OXMlMjByZWljaGhhbHRpZ2VyJTJDJTIwc2FtdGlnZXIlMjBQaXN0YXppZW5jcmVtZSUyMCVFMiU4MCU5MyUyMGRpZSUyMHBlcmZla3RlJTIwQmFsYW5jZSUyMGF1cyUyMFRleHR1ciUyMHVuZCUyMEdlc2NobWFjay4lM0MlMkZwJTNF[\/vc_raw_html][\/vc_column_inner][vc_column_inner width=&#8220;1\/6&#8243;][\/vc_column_inner][\/vc_row_inner][vc_row_inner][vc_column_inner width=&#8220;1\/6&#8243;][\/vc_column_inner][vc_column_inner width=&#8220;2\/3&#8243;][vc_single_image image=&#8220;2007&#8243; img_size=&#8220;full&#8220; alignment=&#8220;center&#8220; css=&#8220;&#8220; animation_delay=&#8220;1000&#8243; css_params=&#8220;&#8220; animation_type=&#8220;bounceInUp&#8220;][\/vc_column_inner][vc_column_inner width=&#8220;1\/6&#8243;][\/vc_column_inner][\/vc_row_inner][vc_row_inner animation_delay=&#8220;200&#8243; animation_type=&#8220;fadeInUp&#8220; css_params=&#8220;&#8220;][vc_column_inner width=&#8220;1\/6&#8243;][\/vc_column_inner][vc_column_inner width=&#8220;1\/3&#8243;][vc_raw_html [&hellip;]<\/p>\n","protected":false},"author":2,"featured_media":0,"parent":0,"menu_order":0,"comment_status":"closed","ping_status":"closed","template":"","meta":{"footnotes":""},"class_list":["post-2005","page","type-page","status-publish","hentry"],"yoast_head":"<!-- This site is optimized with the Yoast SEO plugin v27.1 - https:\/\/yoast.com\/product\/yoast-seo-wordpress\/ -->\n<title>Dubai Dip \u2013 Einzigartige Pistaziencreme &amp; Brotsticks | Habibi&#039;s<\/title>\n<meta name=\"description\" content=\"Genie\u00dfe Habibi\u2019s Dubai Dip \u2013 der k\u00f6stliche Snack f\u00fcr unterwegs mit knusprigen Brotsticks &amp; reichhaltiger Pistaziencreme. F\u00fcr Genuss \u00fcberall.\" \/>\n<meta name=\"robots\" content=\"index, follow, max-snippet:-1, max-image-preview:large, max-video-preview:-1\" \/>\n<link rel=\"canonical\" href=\"https:\/\/habibis.com\/de\/dubai-dip\/\" \/>\n<meta property=\"og:locale\" content=\"de_DE\" \/>\n<meta property=\"og:type\" content=\"article\" \/>\n<meta property=\"og:title\" content=\"Dubai Dip \u2013 Einzigartige Pistaziencreme &amp; Brotsticks | Habibi&#039;s\" \/>\n<meta property=\"og:description\" content=\"Genie\u00dfe Habibi\u2019s Dubai Dip \u2013 der k\u00f6stliche Snack f\u00fcr unterwegs mit knusprigen Brotsticks &amp; reichhaltiger Pistaziencreme. F\u00fcr Genuss \u00fcberall.\" \/>\n<meta property=\"og:url\" content=\"https:\/\/habibis.com\/de\/dubai-dip\/\" \/>\n<meta property=\"og:site_name\" content=\"Habibi&#039;s Sweets\" \/>\n<meta property=\"article:modified_time\" content=\"2025-08-27T14:55:02+00:00\" \/>\n<meta property=\"og:image\" content=\"https:\/\/habibis.com\/wp-content\/uploads\/2025\/01\/habibis-icon_vegetarian-EN.svg\" \/>\n<meta name=\"twitter:card\" content=\"summary_large_image\" \/>\n<meta name=\"twitter:label1\" content=\"Gesch\u00e4tzte Lesezeit\" \/>\n\t<meta name=\"twitter:data1\" content=\"4\u00a0Minuten\" \/>\n<script type=\"application\/ld+json\" class=\"yoast-schema-graph\">{\"@context\":\"https:\/\/schema.org\",\"@graph\":[{\"@type\":\"WebPage\",\"@id\":\"https:\/\/habibis.com\/de\/dubai-dip\/\",\"url\":\"https:\/\/habibis.com\/de\/dubai-dip\/\",\"name\":\"Dubai Dip \u2013 Einzigartige Pistaziencreme & Brotsticks | Habibi's\",\"isPartOf\":{\"@id\":\"https:\/\/habibis.com\/de\/#website\"},\"primaryImageOfPage\":{\"@id\":\"https:\/\/habibis.com\/de\/dubai-dip\/#primaryimage\"},\"image\":{\"@id\":\"https:\/\/habibis.com\/de\/dubai-dip\/#primaryimage\"},\"thumbnailUrl\":\"https:\/\/habibis.com\/wp-content\/uploads\/2025\/01\/habibis-icon_vegetarian-EN.svg\",\"datePublished\":\"2025-08-06T08:18:57+00:00\",\"dateModified\":\"2025-08-27T14:55:02+00:00\",\"description\":\"Genie\u00dfe Habibi\u2019s Dubai Dip \u2013 der k\u00f6stliche Snack f\u00fcr unterwegs mit knusprigen Brotsticks & reichhaltiger Pistaziencreme. F\u00fcr Genuss \u00fcberall.\",\"breadcrumb\":{\"@id\":\"https:\/\/habibis.com\/de\/dubai-dip\/#breadcrumb\"},\"inLanguage\":\"de\",\"potentialAction\":[{\"@type\":\"ReadAction\",\"target\":[\"https:\/\/habibis.com\/de\/dubai-dip\/\"]}]},{\"@type\":\"ImageObject\",\"inLanguage\":\"de\",\"@id\":\"https:\/\/habibis.com\/de\/dubai-dip\/#primaryimage\",\"url\":\"https:\/\/habibis.com\/wp-content\/uploads\/2025\/01\/habibis-icon_vegetarian-EN.svg\",\"contentUrl\":\"https:\/\/habibis.com\/wp-content\/uploads\/2025\/01\/habibis-icon_vegetarian-EN.svg\"},{\"@type\":\"BreadcrumbList\",\"@id\":\"https:\/\/habibis.com\/de\/dubai-dip\/#breadcrumb\",\"itemListElement\":[{\"@type\":\"ListItem\",\"position\":1,\"name\":\"Home\",\"item\":\"https:\/\/habibis.com\/de\/\"},{\"@type\":\"ListItem\",\"position\":2,\"name\":\"Dubai Dip\"}]},{\"@type\":\"WebSite\",\"@id\":\"https:\/\/habibis.com\/de\/#website\",\"url\":\"https:\/\/habibis.com\/de\/\",\"name\":\"Habibi's Sweets\",\"description\":\"\",\"publisher\":{\"@id\":\"https:\/\/habibis.com\/de\/#organization\"},\"potentialAction\":[{\"@type\":\"SearchAction\",\"target\":{\"@type\":\"EntryPoint\",\"urlTemplate\":\"https:\/\/habibis.com\/de\/?s={search_term_string}\"},\"query-input\":{\"@type\":\"PropertyValueSpecification\",\"valueRequired\":true,\"valueName\":\"search_term_string\"}}],\"inLanguage\":\"de\"},{\"@type\":\"Organization\",\"@id\":\"https:\/\/habibis.com\/de\/#organization\",\"name\":\"Habibi's Sweets\",\"url\":\"https:\/\/habibis.com\/de\/\",\"logo\":{\"@type\":\"ImageObject\",\"inLanguage\":\"de\",\"@id\":\"https:\/\/habibis.com\/de\/#\/schema\/logo\/image\/\",\"url\":\"https:\/\/habibis.com\/wp-content\/uploads\/2025\/02\/Logo-Habibis-q.png\",\"contentUrl\":\"https:\/\/habibis.com\/wp-content\/uploads\/2025\/02\/Logo-Habibis-q.png\",\"width\":300,\"height\":300,\"caption\":\"Habibi's Sweets\"},\"image\":{\"@id\":\"https:\/\/habibis.com\/de\/#\/schema\/logo\/image\/\"}}]}<\/script>\n<!-- \/ Yoast SEO plugin. -->","yoast_head_json":{"title":"Dubai Dip \u2013 Einzigartige Pistaziencreme & Brotsticks | Habibi's","description":"Genie\u00dfe Habibi\u2019s Dubai Dip \u2013 der k\u00f6stliche Snack f\u00fcr unterwegs mit knusprigen Brotsticks & reichhaltiger Pistaziencreme. F\u00fcr Genuss \u00fcberall.","robots":{"index":"index","follow":"follow","max-snippet":"max-snippet:-1","max-image-preview":"max-image-preview:large","max-video-preview":"max-video-preview:-1"},"canonical":"https:\/\/habibis.com\/de\/dubai-dip\/","og_locale":"de_DE","og_type":"article","og_title":"Dubai Dip \u2013 Einzigartige Pistaziencreme & Brotsticks | Habibi's","og_description":"Genie\u00dfe Habibi\u2019s Dubai Dip \u2013 der k\u00f6stliche Snack f\u00fcr unterwegs mit knusprigen Brotsticks & reichhaltiger Pistaziencreme. F\u00fcr Genuss \u00fcberall.","og_url":"https:\/\/habibis.com\/de\/dubai-dip\/","og_site_name":"Habibi&#039;s Sweets","article_modified_time":"2025-08-27T14:55:02+00:00","og_image":[{"url":"https:\/\/habibis.com\/wp-content\/uploads\/2025\/01\/habibis-icon_vegetarian-EN.svg","type":"","width":"","height":""}],"twitter_card":"summary_large_image","twitter_misc":{"Gesch\u00e4tzte Lesezeit":"4\u00a0Minuten"},"schema":{"@context":"https:\/\/schema.org","@graph":[{"@type":"WebPage","@id":"https:\/\/habibis.com\/de\/dubai-dip\/","url":"https:\/\/habibis.com\/de\/dubai-dip\/","name":"Dubai Dip \u2013 Einzigartige Pistaziencreme & Brotsticks | Habibi's","isPartOf":{"@id":"https:\/\/habibis.com\/de\/#website"},"primaryImageOfPage":{"@id":"https:\/\/habibis.com\/de\/dubai-dip\/#primaryimage"},"image":{"@id":"https:\/\/habibis.com\/de\/dubai-dip\/#primaryimage"},"thumbnailUrl":"https:\/\/habibis.com\/wp-content\/uploads\/2025\/01\/habibis-icon_vegetarian-EN.svg","datePublished":"2025-08-06T08:18:57+00:00","dateModified":"2025-08-27T14:55:02+00:00","description":"Genie\u00dfe Habibi\u2019s Dubai Dip \u2013 der k\u00f6stliche Snack f\u00fcr unterwegs mit knusprigen Brotsticks & reichhaltiger Pistaziencreme. F\u00fcr Genuss \u00fcberall.","breadcrumb":{"@id":"https:\/\/habibis.com\/de\/dubai-dip\/#breadcrumb"},"inLanguage":"de","potentialAction":[{"@type":"ReadAction","target":["https:\/\/habibis.com\/de\/dubai-dip\/"]}]},{"@type":"ImageObject","inLanguage":"de","@id":"https:\/\/habibis.com\/de\/dubai-dip\/#primaryimage","url":"https:\/\/habibis.com\/wp-content\/uploads\/2025\/01\/habibis-icon_vegetarian-EN.svg","contentUrl":"https:\/\/habibis.com\/wp-content\/uploads\/2025\/01\/habibis-icon_vegetarian-EN.svg"},{"@type":"BreadcrumbList","@id":"https:\/\/habibis.com\/de\/dubai-dip\/#breadcrumb","itemListElement":[{"@type":"ListItem","position":1,"name":"Home","item":"https:\/\/habibis.com\/de\/"},{"@type":"ListItem","position":2,"name":"Dubai Dip"}]},{"@type":"WebSite","@id":"https:\/\/habibis.com\/de\/#website","url":"https:\/\/habibis.com\/de\/","name":"Habibi's Sweets","description":"","publisher":{"@id":"https:\/\/habibis.com\/de\/#organization"},"potentialAction":[{"@type":"SearchAction","target":{"@type":"EntryPoint","urlTemplate":"https:\/\/habibis.com\/de\/?s={search_term_string}"},"query-input":{"@type":"PropertyValueSpecification","valueRequired":true,"valueName":"search_term_string"}}],"inLanguage":"de"},{"@type":"Organization","@id":"https:\/\/habibis.com\/de\/#organization","name":"Habibi's Sweets","url":"https:\/\/habibis.com\/de\/","logo":{"@type":"ImageObject","inLanguage":"de","@id":"https:\/\/habibis.com\/de\/#\/schema\/logo\/image\/","url":"https:\/\/habibis.com\/wp-content\/uploads\/2025\/02\/Logo-Habibis-q.png","contentUrl":"https:\/\/habibis.com\/wp-content\/uploads\/2025\/02\/Logo-Habibis-q.png","width":300,"height":300,"caption":"Habibi's Sweets"},"image":{"@id":"https:\/\/habibis.com\/de\/#\/schema\/logo\/image\/"}}]}},"_links":{"self":[{"href":"https:\/\/habibis.com\/de\/wp-json\/wp\/v2\/pages\/2005","targetHints":{"allow":["GET"]}}],"collection":[{"href":"https:\/\/habibis.com\/de\/wp-json\/wp\/v2\/pages"}],"about":[{"href":"https:\/\/habibis.com\/de\/wp-json\/wp\/v2\/types\/page"}],"author":[{"embeddable":true,"href":"https:\/\/habibis.com\/de\/wp-json\/wp\/v2\/users\/2"}],"replies":[{"embeddable":true,"href":"https:\/\/habibis.com\/de\/wp-json\/wp\/v2\/comments?post=2005"}],"version-history":[{"count":6,"href":"https:\/\/habibis.com\/de\/wp-json\/wp\/v2\/pages\/2005\/revisions"}],"predecessor-version":[{"id":2062,"href":"https:\/\/habibis.com\/de\/wp-json\/wp\/v2\/pages\/2005\/revisions\/2062"}],"wp:attachment":[{"href":"https:\/\/habibis.com\/de\/wp-json\/wp\/v2\/media?parent=2005"}],"curies":[{"name":"wp","href":"https:\/\/api.w.org\/{rel}","templated":true}]}}